{"id":6734,"date":"2026-04-09T14:51:43","date_gmt":"2026-04-09T12:51:43","guid":{"rendered":"https:\/\/quentin-et-emilie.com\/?page_id=6734"},"modified":"2026-04-09T14:51:45","modified_gmt":"2026-04-09T12:51:45","slug":"carte-cadeau-film-telephone","status":"publish","type":"page","link":"https:\/\/quentin-et-emilie.com\/en\/carte-cadeau-film-telephone\/","title":{"rendered":"Carte cadeau \u2013 Film t\u00e9l\u00e9phone"},"content":{"rendered":"<div class=\"wp-block-group checkout-container\"><div class=\"wp-block-group__inner-container is-layout-constrained wp-block-group-is-layout-constrained\"><div class=\"wp-block-surecart-checkout-form\"><sc-checkout\n\tclass=\"checkout\"\n\tid=\"sc-checkout-6731\"\n\tstyle=\"text-align: left;--sc-form-row-spacing: 25px;\"\n\tmodified=\"2026-04-19 04:04:04\"\n\talignment=\"\"\n\tsuccess-url=\"\"\n>\n\t<sc-form>\n\t\t\t\t\t<sc-checkbox name=\"get_feedback\" value=\"Feedback\" style=\"display: none !important;\"><\/sc-checkbox>\n\t\t\t\t\n<div class=\"wp-block-image\">\n<figure class=\"aligncenter size-large is-resized\"><img decoding=\"async\" width=\"1600\" height=\"2400\" src=\"https:\/\/quentin-et-emilie.com\/wp-content\/uploads\/2026\/04\/pexels-cottonbro-3927238-1600x2400.jpg\" alt=\"\" class=\"wp-image-6649\" style=\"width:300px\" srcset=\"https:\/\/quentin-et-emilie.com\/wp-content\/uploads\/2026\/04\/pexels-cottonbro-3927238-1600x2400.jpg 1600w, https:\/\/quentin-et-emilie.com\/wp-content\/uploads\/2026\/04\/pexels-cottonbro-3927238-980x1470.jpg 980w, https:\/\/quentin-et-emilie.com\/wp-content\/uploads\/2026\/04\/pexels-cottonbro-3927238-480x720.jpg 480w\" sizes=\"(min-width: 0px) and (max-width: 480px) 480px, (min-width: 481px) and (max-width: 980px) 980px, (min-width: 981px) 1600px, 100vw\" \/><\/figure>\n<\/div>\n\n\n<h3 class=\"wp-block-heading has-text-align-center\">Carte cadeau &#8211; Film de t\u00e9l\u00e9phone<\/h3>\n\n\n\n<h2 class=\"wp-block-heading has-text-align-center\">Combien souhaitez-vous offrir ?<\/h2>\n\n\n\n<p class=\"has-text-align-center\">Vous souhaitez offrir un film de t\u00e9l\u00e9phone ? Ou participer \u00e0 la cr\u00e9ation de ce beau souvenirs ?<\/p>\n\n\n\n<p class=\"has-text-align-center\">Vous \u00eates au bon endroit.<\/p>\n\n\n\n<p class=\"has-text-align-center\">Une fois le paiement effectu\u00e9, vous recevrez un mail de confirmation vous permettant d\u2019acc\u00e9der \u00e0 votre espace client. Vous recevrez \u00e9galement, sous quelques jours, une Carte Cadeau au format PDF. Et une Carte Cadeau physique vous sera envoy\u00e9e \u00e0 l&rsquo;adresse indiqu\u00e9e afin d&rsquo;offrir ce jolie cadeau en main propre.<\/p>\n\n\n\n<p class=\"has-text-align-center\">Le montant ne peut \u00eatre inf\u00e9rieur \u00e0 50\u20ac.<\/p>\n\n\n<div class=\"wp-block-surecart-product-donation\">\n\t\t\t\t\n<div style=\"border: none;  --columns:3;  \" class=\"wp-block-surecart-product-donation-amounts\">\n\t\t\t\t<sc-choices label=\"Montant du cadeau\" required=\"true\">\n\t\t\t\t\t\n<sc-product-donation-amount-choice class=\"wp-block-surecart-product-donation-amount\" value=\"5000\" product-id=\"77280f5f-d3d8-499d-8eb7-42b2ce0ab21e\" label=\"50\u00a0\u20ac\" recurring=\"false\"><\/sc-product-donation-amount-choice>\n\n<sc-product-donation-amount-choice class=\"wp-block-surecart-product-donation-amount\" value=\"10000\" product-id=\"77280f5f-d3d8-499d-8eb7-42b2ce0ab21e\" label=\"100\u00a0\u20ac\" recurring=\"false\"><\/sc-product-donation-amount-choice>\n\n<sc-product-donation-amount-choice class=\"wp-block-surecart-product-donation-amount\" value=\"20000\" product-id=\"77280f5f-d3d8-499d-8eb7-42b2ce0ab21e\" label=\"200\u00a0\u20ac\" recurring=\"false\"><\/sc-product-donation-amount-choice>\n\n<sc-product-donation-custom-amount class=\"wp-block-surecart-product-donation-custom-amount\" product-id=\"77280f5f-d3d8-499d-8eb7-42b2ce0ab21e\"><\/sc-product-donation-custom-amount>\n\n\t\t\t\t<\/sc-choices>\n\t\t\t<\/div>\n\n\n\n\t\t\t<\/div>\n\n\n<div class=\"wp-block-surecart-columns is-layout-flex wp-block-surecart-columns-is-layout-flex\">\n<div class=\"wp-block-surecart-column\">\n\t\t<sc-customer-email\n\t\t\tclass=\"\"\n\t\t\tlabel=\"Email\"\n\t\t\t\t\t\t\t\t\t\t\t\t\t\t\trequired\n\t\t\tautocomplete='email'\n\t\t\tinputmode='email'\n\t\t>\n\t\t<\/sc-customer-email>\n\n\t\t<\/div>\n\n\n\n<div class=\"wp-block-surecart-column\">\n<sc-customer-name label=\"Nom et pr\u00e9nom\" class=\"wp-block-surecart-name\"><\/sc-customer-name>\n<\/div>\n<\/div>\n\n\n\t\t<sc-order-shipping-address\n\t\t\tlabel=\"Adresse de livraison\"\n\t\t\tfull\t\t\t\t\t\t\t\t\trequired=\"true\"\n\t\t\tdefault-country=\"FR\"\n\t\t><\/sc-order-shipping-address>\n\t\t\n\n\n\t\t<sc-payment\n\t\t\tid=\"sc-payment-0\"\n\t\t\tclass=\"\"\n\t\t>\n\t\t\t\t\t\t\t<sc-stripe-payment-element slot=\"stripe\"><\/sc-stripe-payment-element>\n\t\t\t\n\t\t\t\t\t<\/sc-payment>\n\t\t\n\n\n<sc-order-summary order-summary-text=\"R\u00e9capitulatif\" invoice-summary-text=\"Invoice Summary\" class=\"wp-block-surecart-totals\">\n<sc-divider><\/sc-divider>\n\n\n\n<sc-line-items removable=\"1\" editable=\"1\" class=\"wp-block-surecart-line-items\"><\/sc-line-items>\n\n\n\n<sc-divider><\/sc-divider>\n\n\n\n<sc-line-item-total total=\"subtotal\" class=\"wp-block-surecart-subtotal\"><span slot=\"description\">Subtotal<\/span><span slot=\"total-payments-description\">Total Installments<\/span><span slot=\"first-payment-subtotal-description\">Initial Payment<\/span><\/sc-line-item-total>\n\n\n<sc-line-item-trial class=\"wp-block-surecart-trial-line-item\" label=\"Trial\"><\/sc-line-item-trial>\n\n\t\t<sc-order-coupon-form\n\t\t\tlabel=\"Add Coupon Code\"\n\t\t\tplaceholder=\"Entrer le code de r\u00e9duction\"\n\t\t\tbutton-text=\"Apply Coupon\"\n\t\t\tcollapsed>\n\t\t<\/sc-order-coupon-form>\n\t\t\n\n\n<sc-line-item-tax class=\"wp-block-surecart-tax-line-item\"><\/sc-line-item-tax>\n\n\n\n<sc-divider><\/sc-divider>\n\n\n\n<sc-line-item-total total=\"total\" size=\"large\" show-currency=\"1\" class=\"wp-block-surecart-total\"><span slot=\"title\">Total<\/span><span slot=\"subscription-title\">Total Due Today<\/span><span slot=\"first-payment-total-description\">Subtotal<\/span><span slot=\"free-trial-description\">Trial<\/span><span slot=\"due-amount-description\">Amount Due<\/span><\/sc-line-item-total>\n<\/sc-order-summary>\n\n\n\t\t<sc-order-submit\n\t\t\ttype=\"primary\"\n\t\t\tfull=\"true\"\n\t\t\tsize=\"large\"\n\t\t\ticon=\"lock\"\t\t\tshow-total=\"true\"\n\t\t\tsecure-notice=\"true\"\n\t\t\tsecure-notice-text=\"Processus de paiement crypt\u00e9 et s\u00e9curis\u00e9.\"\n\t\t\t\t\t\t\t\t\tclass=\"wp-block-surecart-submit\"\n\t\t>Payer<\/sc-order-submit>\n\t\t\n\t<\/sc-form>\n<\/sc-checkout>\n<\/div><\/div><\/div>","protected":false},"excerpt":{"rendered":"","protected":false},"author":1,"featured_media":0,"parent":0,"menu_order":0,"comment_status":"closed","ping_status":"closed","template":"","meta":{"_et_pb_use_builder":"on","_et_pb_old_content":"<!-- wp:surecart\/checkout-form {\"id\":6667} \/-->","_et_gb_content_width":"","_surecart_dashboard_logo_width":"180px","_surecart_dashboard_show_logo":true,"_surecart_dashboard_navigation_orders":true,"_surecart_dashboard_navigation_invoices":true,"_surecart_dashboard_navigation_subscriptions":true,"_surecart_dashboard_navigation_downloads":true,"_surecart_dashboard_navigation_billing":true,"_surecart_dashboard_navigation_account":true,"footnotes":""},"class_list":["post-6734","page","type-page","status-publish","hentry"],"_links":{"self":[{"href":"https:\/\/quentin-et-emilie.com\/en\/wp-json\/wp\/v2\/pages\/6734","targetHints":{"allow":["GET"]}}],"collection":[{"href":"https:\/\/quentin-et-emilie.com\/en\/wp-json\/wp\/v2\/pages"}],"about":[{"href":"https:\/\/quentin-et-emilie.com\/en\/wp-json\/wp\/v2\/types\/page"}],"author":[{"embeddable":true,"href":"https:\/\/quentin-et-emilie.com\/en\/wp-json\/wp\/v2\/users\/1"}],"replies":[{"embeddable":true,"href":"https:\/\/quentin-et-emilie.com\/en\/wp-json\/wp\/v2\/comments?post=6734"}],"version-history":[{"count":0,"href":"https:\/\/quentin-et-emilie.com\/en\/wp-json\/wp\/v2\/pages\/6734\/revisions"}],"wp:attachment":[{"href":"https:\/\/quentin-et-emilie.com\/en\/wp-json\/wp\/v2\/media?parent=6734"}],"curies":[{"name":"wp","href":"https:\/\/api.w.org\/{rel}","templated":true}]}}