{"id":6711,"date":"2026-04-08T15:45:56","date_gmt":"2026-04-08T13:45:56","guid":{"rendered":"https:\/\/quentin-et-emilie.com\/?page_id=6711"},"modified":"2026-04-08T15:46:22","modified_gmt":"2026-04-08T13:46:22","slug":"paiement-film-telephone-50-videos","status":"publish","type":"page","link":"https:\/\/quentin-et-emilie.com\/en\/paiement-film-telephone-50-videos\/","title":{"rendered":"Paiement \u2013 Film t\u00e9l\u00e9phone (50 vid\u00e9os)"},"content":{"rendered":"<div class=\"wp-block-group checkout-container\"><div class=\"wp-block-group__inner-container is-layout-constrained wp-block-group-is-layout-constrained\"><div class=\"wp-block-surecart-checkout-form\"><sc-checkout\n\tclass=\"checkout\"\n\tid=\"sc-checkout-6720\"\n\tstyle=\"text-align: left;--sc-form-row-spacing: 25px;\"\n\tmodified=\"2026-04-19 04:04:50\"\n\talignment=\"\"\n\tsuccess-url=\"https:\/\/quentin-et-emilie.com\/guide-pour-la-creation-de-films-souvenirs\/\"\n>\n\t<sc-form>\n\t\t\t\t\t<sc-checkbox name=\"get_feedback\" value=\"Feedback\" style=\"display: none !important;\"><\/sc-checkbox>\n\t\t\t\t\n<div class=\"wp-block-image\">\n<figure class=\"aligncenter size-full is-resized\"><img decoding=\"async\" width=\"1295\" height=\"1941\" src=\"https:\/\/quentin-et-emilie.com\/wp-content\/uploads\/2026\/04\/02.-Beaucoup.jpg\" alt=\"\" class=\"wp-image-6675\" style=\"aspect-ratio:0.6671830359977144;object-fit:cover;width:300px\" srcset=\"https:\/\/quentin-et-emilie.com\/wp-content\/uploads\/2026\/04\/02.-Beaucoup.jpg 1295w, https:\/\/quentin-et-emilie.com\/wp-content\/uploads\/2026\/04\/02.-Beaucoup-1280x1919.jpg 1280w, https:\/\/quentin-et-emilie.com\/wp-content\/uploads\/2026\/04\/02.-Beaucoup-980x1469.jpg 980w, https:\/\/quentin-et-emilie.com\/wp-content\/uploads\/2026\/04\/02.-Beaucoup-480x719.jpg 480w\" sizes=\"(min-width: 0px) and (max-width: 480px) 480px, (min-width: 481px) and (max-width: 980px) 980px, (min-width: 981px) and (max-width: 1280px) 1280px, (min-width: 1281px) 1295px, 100vw\" \/><\/figure>\n<\/div>\n\n\n<h3 class=\"wp-block-heading has-text-align-center\">Film de t\u00e9l\u00e9phone &#8211; 50 Vid\u00e9os &#8211; 5 minutes<\/h3>\n\n\n\n<h2 class=\"wp-block-heading has-text-align-center\">590\u20ac<\/h2>\n\n\n\n<p class=\"has-text-align-center\">On transforme vos vid\u00e9os de t\u00e9l\u00e9phone en film.<\/p>\n\n\n\n<p class=\"has-text-align-center\">Une fois le paiement effectu\u00e9, vous recevrez un mail de confirmation vous permettant d&rsquo;acc\u00e9der \u00e0 votre espace client. Vous serez \u00e9galement redirig\u00e9 vers notre guide de s\u00e9lection et de tri de vos vid\u00e9os de t\u00e9l\u00e9phone.<\/p>\n\n\n<sc-price-choices\n\t\t\t\t\tclass=\"wp-block-surecart-price-choice\"\n\t\t\t\t\tlabel=\"Choisissez un forfait\"\n\t\t\t\t\ttype=\"radio\"\n\t\t\t\t\tcolumns=\"1\"\n\t\t\t\t>\n\t\t<sc-price-choice\n\t\t\tid=\"sc-price-choice-1\"\n\t\t\tprice-id=\"06716107-304c-4681-b221-ae0f60e7ad76\"\n\t\t\ttype=\"radio\"\n\t\t\tlabel=\"\"\n\t\t\tdescription=\"590\u20ac\"\n\t\t\tchecked=\"true\"\n\t\t\tshow-label=\"true\"\n\t\t\tshow-price=\"false\"\n\t\t\tshow-control=\"true\"\n\t\t\tquantity=\"1\"\n\t\t><\/sc-price-choice>\n\t\t\n\n\t\t<sc-price-choice\n\t\t\tid=\"sc-price-choice-2\"\n\t\t\tprice-id=\"79ddaa36-c6e3-4bc1-825c-d57dae057305\"\n\t\t\ttype=\"radio\"\n\t\t\tlabel=\"\"\n\t\t\tdescription=\"295\u20ac \/ mois x2\"\n\t\t\tchecked=\"false\"\n\t\t\tshow-label=\"true\"\n\t\t\tshow-price=\"false\"\n\t\t\tshow-control=\"true\"\n\t\t\tquantity=\"1\"\n\t\t><\/sc-price-choice>\n\t\t\n\n\t\t<sc-price-choice\n\t\t\tid=\"sc-price-choice-3\"\n\t\t\tprice-id=\"161c79eb-bd57-404c-ada0-6663d171fd1c\"\n\t\t\ttype=\"radio\"\n\t\t\tlabel=\"\"\n\t\t\tdescription=\"196,67\u20ac \/ mois x3\"\n\t\t\tchecked=\"false\"\n\t\t\tshow-label=\"true\"\n\t\t\tshow-price=\"false\"\n\t\t\tshow-control=\"true\"\n\t\t\tquantity=\"1\"\n\t\t><\/sc-price-choice>\n\t\t\n<\/sc-price-choices>\n\n\n\t\t<sc-customer-email\n\t\t\tclass=\"\"\n\t\t\tlabel=\"Email\"\n\t\t\t\t\t\t\t\t\t\t\t\t\t\t\trequired\n\t\t\tautocomplete='email'\n\t\t\tinputmode='email'\n\t\t>\n\t\t<\/sc-customer-email>\n\n\t\t\n\n\n<sc-customer-name label=\"Nom et pr\u00e9nom\" class=\"wp-block-surecart-name\"><\/sc-customer-name>\n\n\n\n<sc-checkbox name=\"J\u2019autorise Quentin &amp; Emilie \u00e0 utiliser mon film \u00e0 des fins de communication. (site internet, r\u00e9seaux sociaux, portfolio) Cette autorisation est facultative et peut \u00eatre retir\u00e9e \u00e0 tout moment.\" checked value=\"on\">J\u2019autorise Quentin &amp; Emilie \u00e0 utiliser mon film \u00e0 des fins de communication.<br>(site internet, r\u00e9seaux sociaux, portfolio)<br>Cette autorisation est facultative et peut \u00eatre retir\u00e9e \u00e0 tout moment.<\/sc-checkbox>\n\n\n\n\t\t<sc-payment\n\t\t\tid=\"sc-payment-0\"\n\t\t\tclass=\"\"\n\t\t>\n\t\t\t\t\t\t\t<sc-stripe-payment-element slot=\"stripe\"><\/sc-stripe-payment-element>\n\t\t\t\n\t\t\t\t\t<\/sc-payment>\n\t\t\n\n\n<sc-order-summary order-summary-text=\"R\u00e9capitulatif\" invoice-summary-text=\"R\u00e9capitulatif de la facture\" class=\"wp-block-surecart-totals\">\n<sc-divider><\/sc-divider>\n\n\n\n<sc-line-items removable=\"false\" editable=\"false\" class=\"wp-block-surecart-line-items\"><\/sc-line-items>\n\n\n\n<sc-divider><\/sc-divider>\n\n\n\n<sc-line-item-total total=\"subtotal\" class=\"wp-block-surecart-subtotal\"><span slot=\"description\">Sous-total<\/span><span slot=\"total-payments-description\">Total des versements<\/span><span slot=\"first-payment-subtotal-description\">Paiement initial<\/span><\/sc-line-item-total>\n\n\n<sc-line-item-trial class=\"wp-block-surecart-trial-line-item\" label=\"Trial\"><\/sc-line-item-trial>\n\n\t\t<sc-order-coupon-form\n\t\t\tlabel=\"Code Promo\"\n\t\t\tplaceholder=\"Entrer le code promo\"\n\t\t\tbutton-text=\"Appliquer le code\"\n\t\t\t>\n\t\t<\/sc-order-coupon-form>\n\t\t\n\n\n<sc-line-item-tax class=\"wp-block-surecart-tax-line-item\"><\/sc-line-item-tax>\n\n\n\n<sc-divider><\/sc-divider>\n\n\n\n<sc-line-item-total total=\"total\" size=\"large\" show-currency=\"1\" class=\"wp-block-surecart-total\"><span slot=\"title\">Total<\/span><span slot=\"subscription-title\">Total d\u00fb aujourd&rsquo;hui<\/span><span slot=\"first-payment-total-description\">Sous-total<\/span><span slot=\"free-trial-description\">Trial<\/span><span slot=\"due-amount-description\"> Montant d\u00fb<\/span><\/sc-line-item-total>\n<\/sc-order-summary>\n\n\n\t\t<sc-order-submit\n\t\t\ttype=\"primary\"\n\t\t\tfull=\"true\"\n\t\t\tsize=\"large\"\n\t\t\ticon=\"lock\"\t\t\tshow-total=\"true\"\n\t\t\tsecure-notice=\"true\"\n\t\t\tsecure-notice-text=\"Processus de paiement crypt\u00e9 et s\u00e9curis\u00e9.\"\n\t\t\t\t\t\t\t\t\tclass=\"wp-block-surecart-submit\"\n\t\t>Payer<\/sc-order-submit>\n\t\t\n\t<\/sc-form>\n<\/sc-checkout>\n<\/div><\/div><\/div>","protected":false},"excerpt":{"rendered":"","protected":false},"author":1,"featured_media":0,"parent":0,"menu_order":0,"comment_status":"closed","ping_status":"closed","template":"","meta":{"_et_pb_use_builder":"on","_et_pb_old_content":"<!-- wp:surecart\/checkout-form {\"id\":6667} \/-->","_et_gb_content_width":"","_surecart_dashboard_logo_width":"180px","_surecart_dashboard_show_logo":true,"_surecart_dashboard_navigation_orders":true,"_surecart_dashboard_navigation_invoices":true,"_surecart_dashboard_navigation_subscriptions":true,"_surecart_dashboard_navigation_downloads":true,"_surecart_dashboard_navigation_billing":true,"_surecart_dashboard_navigation_account":true,"footnotes":""},"class_list":["post-6711","page","type-page","status-publish","hentry"],"_links":{"self":[{"href":"https:\/\/quentin-et-emilie.com\/en\/wp-json\/wp\/v2\/pages\/6711","targetHints":{"allow":["GET"]}}],"collection":[{"href":"https:\/\/quentin-et-emilie.com\/en\/wp-json\/wp\/v2\/pages"}],"about":[{"href":"https:\/\/quentin-et-emilie.com\/en\/wp-json\/wp\/v2\/types\/page"}],"author":[{"embeddable":true,"href":"https:\/\/quentin-et-emilie.com\/en\/wp-json\/wp\/v2\/users\/1"}],"replies":[{"embeddable":true,"href":"https:\/\/quentin-et-emilie.com\/en\/wp-json\/wp\/v2\/comments?post=6711"}],"version-history":[{"count":0,"href":"https:\/\/quentin-et-emilie.com\/en\/wp-json\/wp\/v2\/pages\/6711\/revisions"}],"wp:attachment":[{"href":"https:\/\/quentin-et-emilie.com\/en\/wp-json\/wp\/v2\/media?parent=6711"}],"curies":[{"name":"wp","href":"https:\/\/api.w.org\/{rel}","templated":true}]}}