{"id":6371,"date":"2023-07-02T19:52:55","date_gmt":"2023-07-02T17:52:55","guid":{"rendered":"https:\/\/quentin-et-emilie.com\/?page_id=6371"},"modified":"2023-07-02T19:52:58","modified_gmt":"2023-07-02T17:52:58","slug":"duo-photographe-et-videastes-de-mariage-antibes","status":"publish","type":"page","link":"https:\/\/quentin-et-emilie.com\/en\/duo-photographe-et-videastes-de-mariage-antibes\/","title":{"rendered":"Duo Photographe et Vid\u00e9astes de mariage Antibes"},"content":{"rendered":"[et_pb_section fb_built=\u00a0\u00bb1&Prime; _builder_version=\u00a0\u00bb4.9.1&Prime; _module_preset=\u00a0\u00bbdefault\u00a0\u00bb background_image=\u00a0\u00bbhttps:\/\/quentin-et-emilie.com\/wp-content\/uploads\/2023\/03\/04.jpg\u00a0\u00bb][et_pb_row _builder_version=\u00a0\u00bb4.9.1&Prime; _module_preset=\u00a0\u00bbdefault\u00a0\u00bb][et_pb_column type=\u00a0\u00bb4_4&Prime; _builder_version=\u00a0\u00bb4.9.1&Prime; _module_preset=\u00a0\u00bbdefault\u00a0\u00bb][et_pb_text _builder_version=\u00a0\u00bb4.9.1&Prime; _module_preset=\u00a0\u00bbdefault\u00a0\u00bb text_text_color=\u00a0\u00bb#FFFFFF\u00a0\u00bb header_text_align=\u00a0\u00bbcenter\u00a0\u00bb header_text_color=\u00a0\u00bb#FFFFFF\u00a0\u00bb]\n<h1>Duo Photographe et Vid\u00e9astes de mariage <strong><a href=\"https:\/\/fr.wikipedia.org\/wiki\/Antibes\" target=\"_blank\" rel=\"noopener\">Antibes<\/a><\/strong><\/h1>\n[\/et_pb_text][\/et_pb_column][\/et_pb_row][\/et_pb_section][et_pb_section fb_built=\u00a0\u00bb1&Prime; _builder_version=\u00a0\u00bb4.9.1&Prime; _module_preset=\u00a0\u00bbdefault\u00a0\u00bb][et_pb_row _builder_version=\u00a0\u00bb4.9.1&Prime; _module_preset=\u00a0\u00bbdefault\u00a0\u00bb][et_pb_column type=\u00a0\u00bb4_4&Prime; _builder_version=\u00a0\u00bb4.9.1&Prime; _module_preset=\u00a0\u00bbdefault\u00a0\u00bb][et_pb_text _builder_version=\u00a0\u00bb4.9.1&Prime; _module_preset=\u00a0\u00bbdefault\u00a0\u00bb text_font=\u00a0\u00bbAnnie Use Your Telescope||||||||\u00a0\u00bb text_font_size=\u00a0\u00bb45px\u00a0\u00bb]\n<p style=\"text-align: center;\">\u00a0Hello !<\/p>\n[\/et_pb_text][et_pb_text _builder_version=\u00a0\u00bb4.9.1&Prime; _module_preset=\u00a0\u00bbdefault\u00a0\u00bb custom_padding=\u00a0\u00bb||0px|||\u00a0\u00bb]\n<p style=\"text-align: center;\">Nous sommes Quentin &amp; Emilie, partenaires \u00e0 la vie et derri\u00e8re la cam\u00e9ra. Duo de <strong>vid\u00e9astes de Mariage<\/strong> \u00e0 <strong><a href=\"https:\/\/fr.wikipedia.org\/wiki\/Antibes\" target=\"_blank\" rel=\"noopener\">Antibes.<\/a><\/strong><\/p>\n<p style=\"text-align: center;\">Cela fait bient\u00f4t 20 ans que nous sommes ami avec <a href=\"https:\/\/www.maxime-decarsin.com\/\" target=\"_blank\" rel=\"noopener\"><strong>Maxime D\u00e9carsin<\/strong><\/a>, <strong>photographe de mariage<\/strong> depuis plus de 10 ans. C&rsquo;est donc tout naturellement que ce duo (ou plut\u00f4t ce trio) s&rsquo;est cr\u00e9\u00e9.<\/p>\n<p style=\"text-align: center;\">Immortaliser le plus beau jour de votre vie est notre m\u00e9tier. Nous nous appliquons donc toujours \u00e0 retranscrire le plus fid\u00e8lement possible l&rsquo;\u00e9motion du moment et votre authenticit\u00e9.<\/p>\n<p style=\"text-align: center;\"><span style=\"font-size: inherit;\">Nous n\u2019aimons pas la mise en sc\u00e8ne, nous pr\u00e9f\u00e9rons le naturel. Compl\u00e9mentaire dans notre approche et nos images, vous revivrez votre mariage avec force et \u00e9motions.<\/span><\/p>\n<p style=\"text-align: center;\">Nous voyageons dans toute la <a href=\"https:\/\/fr.wikipedia.org\/wiki\/France\" target=\"_blank\" rel=\"noopener\"><strong>France <\/strong><\/a>et au-del\u00e0 ! Et nous serons tr\u00e8s heureux d&rsquo;\u00eatre \u00e0 vos c\u00f4t\u00e9s pour votre <strong>mariage \u00e0 <a href=\"https:\/\/fr.wikipedia.org\/wiki\/Antibes\" target=\"_blank\" rel=\"noopener\">Antibes.<\/a><\/strong><\/p>\n<p style=\"text-align: center;\">Nous vous suivrons en toute discr\u00e9tion durant cette journ\u00e9e, pour vous laisser vivre et profiter pleinement. Cela apportera le plus de naturel \u00e0 nos images et votre<strong>\u00a0mariage.<\/strong><\/p>\n<p style=\"text-align: center;\">Au travers de notre histoire, nous avons rencontr\u00e9 beaucoup de gens d&rsquo;univers diff\u00e9rents. Nous avons compris que chaque moment pass\u00e9 est unique, \u00e9ph\u00e9m\u00e8re et important.<\/p>\n<p style=\"text-align: center;\">Votre <strong>mariage \u00e0 <a href=\"https:\/\/fr.wikipedia.org\/wiki\/Antibes\" target=\"_blank\" rel=\"noopener\">Antibes<\/a>\u00a0<\/strong>\u00e9galement.<\/p>\n<p style=\"text-align: center;\">C&rsquo;est un instant de votre vie qui m\u00e9rite d&rsquo;\u00eatre captur\u00e9 avec perfection et sinc\u00e9rit\u00e9.<\/p>\n<p style=\"text-align: center;\">Donc si vous souhaitez nous raconter votre histoire et nous rencontrer, contactez nous ! Nous vous r\u00e9pondrons le plus rapidement possible.<\/p>\n<p style=\"text-align: center;\">Nous vous invitons \u00e0 d\u00e9couvrir nos <b>images<\/b>\u00a0et nos <a href=\"https:\/\/quentin-et-emilie.com\/#Nos-Prestations\">prestations<\/a>.<\/p>\n<p style=\"text-align: center;\">A tr\u00e8s bient\u00f4t !<\/p>\n<p style=\"text-align: center;\"><strong>Quentin &amp; Emilie<\/strong> et <a href=\"https:\/\/www.maxime-decarsin.com\/\" target=\"_blank\" rel=\"noopener\"><strong>Maxime D\u00e9carsin<\/strong><\/a>.<\/p>\n\n\n<hr \/>\n<p style=\"text-align: center;\"><strong>Duo Photographe<\/strong> et <strong>Vid\u00e9astes de mariage \u00e0 <a href=\"https:\/\/fr.wikipedia.org\/wiki\/Antibes\" target=\"_blank\" rel=\"noopener\">Antibes<\/a><a href=\"https:\/\/fr.wikipedia.org\/wiki\/Ain_(d%C3%A9partement)\" target=\"_blank\" rel=\"noopener\">\u00a0<\/a>en France.<\/strong><\/p>\n<!-- \/wp:post-content -->\n\n<!-- wp:paragraph {\"fontSize\":\"medium\"} -->\n\n<!-- \/wp:paragraph -->\n\n[\/et_pb_text][\/et_pb_column][\/et_pb_row][et_pb_row column_structure=\u00a0\u00bb1_3,1_3,1_3&Prime; _builder_version=\u00a0\u00bb4.9.1&Prime; _module_preset=\u00a0\u00bbdefault\u00a0\u00bb background_color=\u00a0\u00bb#c89c7d\u00a0\u00bb][et_pb_column type=\u00a0\u00bb1_3&Prime; _builder_version=\u00a0\u00bb4.9.1&Prime; _module_preset=\u00a0\u00bbdefault\u00a0\u00bb][et_pb_text _builder_version=\u00a0\u00bb4.9.1&Prime; _module_preset=\u00a0\u00bbdefault\u00a0\u00bb text_text_color=\u00a0\u00bb#FFFFFF\u00a0\u00bb]\n<p style=\"text-align: center;\">D\u00e9couvrez l&rsquo;univers de <strong>Maxime D\u00e9carsin<\/strong><\/p>\n[\/et_pb_text][et_pb_button button_url=\u00a0\u00bbhttps:\/\/www.maxime-decarsin.com\/\u00a0\u00bb button_text=\u00a0\u00bbLes Photos\u00a0\u00bb button_alignment=\u00a0\u00bbcenter\u00a0\u00bb _builder_version=\u00a0\u00bb4.9.1&Prime; _module_preset=\u00a0\u00bbdefault\u00a0\u00bb custom_button=\u00a0\u00bbon\u00a0\u00bb button_text_color=\u00a0\u00bb#FFFFFF\u00a0\u00bb button_border_radius=\u00a0\u00bb100px\u00a0\u00bb button_border_width__hover_enabled=\u00a0\u00bboff|desktop\u00a0\u00bb][\/et_pb_button][\/et_pb_column][et_pb_column type=\u00a0\u00bb1_3&Prime; _builder_version=\u00a0\u00bb4.9.1&Prime; _module_preset=\u00a0\u00bbdefault\u00a0\u00bb][et_pb_text _builder_version=\u00a0\u00bb4.9.1&Prime; _module_preset=\u00a0\u00bbdefault\u00a0\u00bb text_text_color=\u00a0\u00bb#FFFFFF\u00a0\u00bb]\n<p style=\"text-align: center;\">Nos prestations et tarifs<\/p>\n[\/et_pb_text][et_pb_button button_url=\u00a0\u00bbhttps:\/\/quentin-et-emilie.com\/prestations-tarifs-duo-photo-video-mariage\/\u00a0\u00bb button_text=\u00a0\u00bbLe Duo\u00a0\u00bb button_alignment=\u00a0\u00bbcenter\u00a0\u00bb _builder_version=\u00a0\u00bb4.9.1&Prime; _module_preset=\u00a0\u00bbdefault\u00a0\u00bb custom_button=\u00a0\u00bbon\u00a0\u00bb button_text_color=\u00a0\u00bb#FFFFFF\u00a0\u00bb button_border_radius=\u00a0\u00bb100px\u00a0\u00bb][\/et_pb_button][\/et_pb_column][et_pb_column type=\u00a0\u00bb1_3&Prime; _builder_version=\u00a0\u00bb4.9.1&Prime; _module_preset=\u00a0\u00bbdefault\u00a0\u00bb][et_pb_text _builder_version=\u00a0\u00bb4.9.1&Prime; _module_preset=\u00a0\u00bbdefault\u00a0\u00bb text_text_color=\u00a0\u00bb#FFFFFF\u00a0\u00bb]\n<p style=\"text-align: center;\">D\u00e9couvrez notre univers<\/p>\n[\/et_pb_text][et_pb_button button_url=\u00a0\u00bbhttps:\/\/quentin-et-emilie.com\/films\/\u00a0\u00bb button_text=\u00a0\u00bbLes Films\u00a0\u00bb button_alignment=\u00a0\u00bbcenter\u00a0\u00bb _builder_version=\u00a0\u00bb4.9.1&Prime; _module_preset=\u00a0\u00bbdefault\u00a0\u00bb custom_button=\u00a0\u00bbon\u00a0\u00bb button_text_color=\u00a0\u00bb#FFFFFF\u00a0\u00bb button_border_radius=\u00a0\u00bb100px\u00a0\u00bb][\/et_pb_button][\/et_pb_column][\/et_pb_row][et_pb_row _builder_version=\u00a0\u00bb4.9.1&Prime; _module_preset=\u00a0\u00bbdefault\u00a0\u00bb][et_pb_column type=\u00a0\u00bb4_4&Prime; _builder_version=\u00a0\u00bb4.9.1&Prime; _module_preset=\u00a0\u00bbdefault\u00a0\u00bb][et_pb_text _builder_version=\u00a0\u00bb4.9.1&Prime; _module_preset=\u00a0\u00bbdefault\u00a0\u00bb]\n<p class=\"has-medium-font-size\" style=\"text-align: center;\"><strong>\nContactez nous !<\/strong><\/p>\n<p style=\"text-align: center;\"><!-- \/wp:paragraph --><\/p>\n<p style=\"text-align: center;\"><!-- wp:paragraph {\"align\":\"center\"} --><\/p>\n<p class=\"has-text-align-center\" style=\"text-align: center;\">Vous souhaitez plus d&rsquo;informations sur nos prestations ? Racontez nous votre histoire ! D\u00eetes nous tout, ne soyez pas timide ! Donnez le maximum de d\u00e9tails, notre r\u00e9ponse sera que plus pr\u00e9cise !<\/p>\n<p style=\"text-align: center;\"><!-- \/wp:paragraph --><\/p>\n<p style=\"text-align: center;\"><!-- wp:paragraph {\"align\":\"center\"} --><\/p>\n<p class=\"has-text-align-center\" style=\"text-align: center;\"><a href=\"tel:+33674921877\">+33674921877<\/a><\/p>\n<p style=\"text-align: center;\"><!-- \/wp:paragraph --><\/p>\n<p style=\"text-align: center;\"><!-- wp:paragraph {\"align\":\"center\"} --><\/p>\n<p class=\"has-text-align-center\" style=\"text-align: center;\"><a href=\"mailto:quentinetemilie.films@gmail.com\">quentinetemilie.films@gmail.com<\/a><\/p>\n[\/et_pb_text][\/et_pb_column][\/et_pb_row][\/et_pb_section]","protected":false},"excerpt":{"rendered":"<p>[et_pb_section fb_built=\u00a0\u00bb1&Prime; _builder_version=\u00a0\u00bb4.9.1&Prime; _module_preset=\u00a0\u00bbdefault\u00a0\u00bb background_image=\u00a0\u00bbhttps:\/\/quentin-et-emilie.com\/wp-content\/uploads\/2023\/03\/04.jpg\u00a0\u00bb][et_pb_row _builder_version=\u00a0\u00bb4.9.1&Prime; _module_preset=\u00a0\u00bbdefault\u00a0\u00bb][et_pb_column type=\u00a0\u00bb4_4&Prime; _builder_version=\u00a0\u00bb4.9.1&Prime; _module_preset=\u00a0\u00bbdefault\u00a0\u00bb][et_pb_text _builder_version=\u00a0\u00bb4.9.1&Prime; _module_preset=\u00a0\u00bbdefault\u00a0\u00bb text_text_color=\u00a0\u00bb#FFFFFF\u00a0\u00bb header_text_align=\u00a0\u00bbcenter\u00a0\u00bb header_text_color=\u00a0\u00bb#FFFFFF\u00a0\u00bb] Duo Photographe et Vid\u00e9astes de mariage Antibes [\/et_pb_text][\/et_pb_column][\/et_pb_row][\/et_pb_section][et_pb_section fb_built=\u00a0\u00bb1&Prime; _builder_version=\u00a0\u00bb4.9.1&Prime; _module_preset=\u00a0\u00bbdefault\u00a0\u00bb][et_pb_row _builder_version=\u00a0\u00bb4.9.1&Prime; _module_preset=\u00a0\u00bbdefault\u00a0\u00bb][et_pb_column type=\u00a0\u00bb4_4&Prime; _builder_version=\u00a0\u00bb4.9.1&Prime; _module_preset=\u00a0\u00bbdefault\u00a0\u00bb][et_pb_text _builder_version=\u00a0\u00bb4.9.1&Prime; _module_preset=\u00a0\u00bbdefault\u00a0\u00bb text_font=\u00a0\u00bbAnnie Use Your Telescope||||||||\u00a0\u00bb text_font_size=\u00a0\u00bb45px\u00a0\u00bb] \u00a0Hello ! [\/et_pb_text][et_pb_text _builder_version=\u00a0\u00bb4.9.1&Prime; _module_preset=\u00a0\u00bbdefault\u00a0\u00bb custom_padding=\u00a0\u00bb||0px|||\u00a0\u00bb] Nous sommes Quentin &amp; Emilie, partenaires \u00e0 la vie et derri\u00e8re [&hellip;]<\/p>\n","protected":false},"author":1,"featured_media":6036,"parent":0,"menu_order":0,"comment_status":"closed","ping_status":"closed","template":"","meta":{"_et_pb_use_builder":"on","_et_pb_old_content":"","_et_gb_content_width":"","_surecart_dashboard_logo_width":"180px","_surecart_dashboard_show_logo":true,"_surecart_dashboard_navigation_orders":true,"_surecart_dashboard_navigation_invoices":true,"_surecart_dashboard_navigation_subscriptions":true,"_surecart_dashboard_navigation_downloads":true,"_surecart_dashboard_navigation_billing":true,"_surecart_dashboard_navigation_account":true,"footnotes":""},"class_list":["post-6371","page","type-page","status-publish","has-post-thumbnail","hentry"],"_links":{"self":[{"href":"https:\/\/quentin-et-emilie.com\/en\/wp-json\/wp\/v2\/pages\/6371","targetHints":{"allow":["GET"]}}],"collection":[{"href":"https:\/\/quentin-et-emilie.com\/en\/wp-json\/wp\/v2\/pages"}],"about":[{"href":"https:\/\/quentin-et-emilie.com\/en\/wp-json\/wp\/v2\/types\/page"}],"author":[{"embeddable":true,"href":"https:\/\/quentin-et-emilie.com\/en\/wp-json\/wp\/v2\/users\/1"}],"replies":[{"embeddable":true,"href":"https:\/\/quentin-et-emilie.com\/en\/wp-json\/wp\/v2\/comments?post=6371"}],"version-history":[{"count":0,"href":"https:\/\/quentin-et-emilie.com\/en\/wp-json\/wp\/v2\/pages\/6371\/revisions"}],"wp:featuredmedia":[{"embeddable":true,"href":"https:\/\/quentin-et-emilie.com\/en\/wp-json\/wp\/v2\/media\/6036"}],"wp:attachment":[{"href":"https:\/\/quentin-et-emilie.com\/en\/wp-json\/wp\/v2\/media?parent=6371"}],"curies":[{"name":"wp","href":"https:\/\/api.w.org\/{rel}","templated":true}]}}