{"id":6323,"date":"2023-03-15T17:29:06","date_gmt":"2023-03-15T16:29:06","guid":{"rendered":"https:\/\/quentin-et-emilie.com\/?page_id=6323"},"modified":"2023-03-15T17:29:08","modified_gmt":"2023-03-15T16:29:08","slug":"wendy-guillaume","status":"publish","type":"page","link":"https:\/\/quentin-et-emilie.com\/en\/wendy-guillaume\/","title":{"rendered":"WENDY &#038; GUILLAUME"},"content":{"rendered":"<p>[et_pb_section fb_built=\u00a0\u00bb1&Prime; _builder_version=\u00a0\u00bb4.9.1&Prime; _module_preset=\u00a0\u00bbdefault\u00a0\u00bb][et_pb_row column_structure=\u00a0\u00bb3_5,2_5&Prime; _builder_version=\u00a0\u00bb4.9.1&Prime; _module_preset=\u00a0\u00bbdefault\u00a0\u00bb background_enable_color=\u00a0\u00bboff\u00a0\u00bb custom_padding=\u00a0\u00bb0px|||||\u00a0\u00bb hover_enabled=\u00a0\u00bb0&Prime; sticky_enabled=\u00a0\u00bb0&Prime;][et_pb_column type=\u00a0\u00bb3_5&Prime; _builder_version=\u00a0\u00bb4.9.1&Prime; _module_preset=\u00a0\u00bbdefault\u00a0\u00bb background_color=\u00a0\u00bbrgba(211,179,166,0.26)\u00a0\u00bb custom_padding=\u00a0\u00bb21px||21px||true|false\u00a0\u00bb hover_enabled=\u00a0\u00bb0&Prime; sticky_enabled=\u00a0\u00bb0&Prime;][et_pb_text _builder_version=\u00a0\u00bb4.9.1&Prime; _module_preset=\u00a0\u00bbdefault\u00a0\u00bb text_font=\u00a0\u00bb|700||on|||||\u00a0\u00bb text_text_color=\u00a0\u00bb#000000&Prime; text_font_size=\u00a0\u00bb25px\u00a0\u00bb custom_margin=\u00a0\u00bb0px|||17px|false|false\u00a0\u00bb]<\/p>\n<p>WENDY &amp; GUILLAUME<\/p>\n<p>[\/et_pb_text][et_pb_text _builder_version=\u00a0\u00bb4.9.1&Prime; _module_preset=\u00a0\u00bbdefault\u00a0\u00bb text_text_color=\u00a0\u00bb#000000&Prime; text_font_size=\u00a0\u00bb20px\u00a0\u00bb custom_margin=\u00a0\u00bb-20px|||17px|false|false\u00a0\u00bb]<\/p>\n<p><strong>La Chaufferie \u00e0 Lille<\/strong><\/p>\n<p>[\/et_pb_text][et_pb_text _builder_version=\u00a0\u00bb4.9.1&Prime; _module_preset=\u00a0\u00bbdefault\u00a0\u00bb text_text_color=\u00a0\u00bb#000000&Prime; text_font_size=\u00a0\u00bb17px\u00a0\u00bb custom_margin=\u00a0\u00bb|17px||17px|false|true\u00a0\u00bb]<\/p>\n<p class=\"visible full-visible\"><span>Ce projet est n\u00e9 de la rencontre de Maxime D\u00e9carsin, photographe, avec H\u00e9l\u00e8ne Hoo, event designer, et d\u2019une envie commune de proposer un shooting d\u2019inspiration \u00e0 contre-courant dans une ambiance urbaine \u00e0 la New-Yorkaise alliant les mat\u00e9riaux bruts et les v\u00e9g\u00e9taux.<\/span><\/p>\n<p class=\"visible full-visible\"><span>Ce shooting d\u2019inspiration s\u2019adresse aux couples qui ne se reconnaissent pas dans les ambiances champ\u00eatre\/nature et qui souhaitent adopter un style plus \u00ab&nbsp;street&nbsp;\u00bb<\/span><\/p>\n<p>&nbsp;<\/p>\n<p style=\"text-align: justify;\"><strong>La Team :<\/strong><\/p>\n<p class=\"\"><span>Photographe &amp; direction artistique<br \/>\n<a href=\"https:\/\/www.maxime-decarsin.com\/\" target=\"_blank\" rel=\"noopener\">Maxime D\u00e9carsin<\/a><\/span><br \/>\n<span>Event designer &amp; direction artistique<br \/>\n<a href=\"http:\/\/helene-hoo.fr\/\" target=\"_blank\" rel=\"noopener noreferrer\">H\u00e9l\u00e8ne Hoo<\/a><\/span><br \/>\n<span>Wedding planner<br \/>\n<a href=\"http:\/\/www.gd-wedding-and-other-stories.com\/\" target=\"_blank\" rel=\"noopener noreferrer\">GD wedding and other stories<\/a><\/span><br \/>\n<span>Mobilier<br \/>\n<a href=\"reveriesetbois.fr\">R\u00eaveries et Bois<\/a><br \/>\n<\/span><span>D\u00e9coration florale<br \/>\n<a href=\"https:\/\/fr-fr.facebook.com\/commeunbouquetdansleau\" target=\"_blank\" rel=\"noopener noreferrer\">Comme un bouquet dans l\u2019eau<\/a><br \/>\n<\/span><span>Les mari\u00e9s<br \/>\nWendy &amp; Guillaume<\/span><br \/>\n<span>Make up<br \/>\n<a href=\"http:\/\/www.severinegeultont.com\/\" target=\"_blank\" rel=\"noopener noreferrer\">S\u00e9verine G<\/a><\/span><br \/>\n<span>Coiffure<br \/>\n<\/span><a href=\"http:\/\/helenebeghin.fr\/\" target=\"_blank\" rel=\"noopener noreferrer\">H\u00e9l\u00e8ne Beghin<\/a><br \/>\n<span>Costumes<br \/>\n<a href=\"http:\/\/www.blandindelloye.com\/\" target=\"_blank\" rel=\"noopener noreferrer\">Blandin &amp; Delloye (Lille)<\/a><\/span><br \/>\n<span>Robes<br \/>\n<a href=\"http:\/\/www.ma-petite-robe-blanche.com\/\" target=\"_blank\" rel=\"noopener noreferrer\">Ma petite robe blanche<\/a><br \/>\n<\/span><span>Papeterie<br \/>\n<a href=\"http:\/\/www.lafilleaunoeudrouge.fr\/\" target=\"_blank\" rel=\"noopener noreferrer\">La fille au n\u0153ud rouge<\/a><\/span><br \/>\n<span>Officiant La\u00efque<br \/>\n<\/span><a href=\"http:\/\/www.lesceremonistes.com\/\" target=\"_blank\" rel=\"noopener noreferrer\">Les c\u00e9r\u00e9monistes<\/a><br \/>\n<span>Lieu<br \/>\n<a href=\"http:\/\/www.la-chaufferie.com\/\" target=\"_blank\" rel=\"noopener noreferrer\">La chaufferie (Tourcoing)<\/a><\/span>[\/et_pb_text][\/et_pb_column][et_pb_column type=\u00a0\u00bb2_5&Prime; _builder_version=\u00a0\u00bb4.9.1&Prime; _module_preset=\u00a0\u00bbdefault\u00a0\u00bb][et_pb_image src=\u00a0\u00bbhttps:\/\/quentin-et-emilie.com\/wp-content\/uploads\/2023\/03\/Miniature-5.jpg\u00a0\u00bb disabled_on=\u00a0\u00bbon|on|off\u00a0\u00bb _builder_version=\u00a0\u00bb4.9.1&Prime; _module_preset=\u00a0\u00bbdefault\u00a0\u00bb custom_margin=\u00a0\u00bb||-27px|||\u00a0\u00bb][\/et_pb_image][\/et_pb_column][\/et_pb_row][et_pb_row _builder_version=\u00a0\u00bb4.9.1&Prime; _module_preset=\u00a0\u00bbdefault\u00a0\u00bb][et_pb_column type=\u00a0\u00bb4_4&Prime; _builder_version=\u00a0\u00bb4.9.1&Prime; _module_preset=\u00a0\u00bbdefault\u00a0\u00bb][et_pb_text _builder_version=\u00a0\u00bb4.9.1&Prime; _module_preset=\u00a0\u00bbdefault\u00a0\u00bb background_image=\u00a0\u00bbhttps:\/\/quentin-et-emilie.com\/wp-content\/uploads\/2019\/05\/04.png\u00a0\u00bb background_image__hover=\u00a0\u00bbhttps:\/\/quentin-et-emilie.com\/wp-content\/uploads\/2019\/05\/04.png\u00a0\u00bb background__hover_enabled=\u00a0\u00bboff|desktop\u00a0\u00bb background_enable_color__hover=\u00a0\u00bboff\u00a0\u00bb use_background_color_gradient__hover=\u00a0\u00bbon\u00a0\u00bb background_color_gradient_start__hover=\u00a0\u00bbrgba(0,0,0,0.4)\u00a0\u00bb background_color_gradient_end__hover=\u00a0\u00bbrgba(0,0,0,0.36)\u00a0\u00bb background_enable_image__hover=\u00a0\u00bbon\u00a0\u00bb background_blend__hover=\u00a0\u00bbdarken\u00a0\u00bb]<\/p>\n<a rel=\"noreferrer noopener\" href=\"https:\/\/vimeo.com\/332515776\" class=\"vp-a vp-vim-type vp-modal-click vp-modal-click_shortcode vp-has-img\" target=\"_blank\"><img decoding=\"async\" class=\"vp-img\" src=\"https:\/\/quentin-et-emilie.com\/wp-content\/uploads\/2022\/03\/Logo-Lecture-Video.png\"><\/a>\n<p>[\/et_pb_text][\/et_pb_column][\/et_pb_row][et_pb_row column_structure=\u00a0\u00bb1_3,1_3,1_3&Prime; _builder_version=\u00a0\u00bb4.9.1&Prime; _module_preset=\u00a0\u00bbdefault\u00a0\u00bb][et_pb_column type=\u00a0\u00bb1_3&Prime; _builder_version=\u00a0\u00bb4.9.1&Prime; _module_preset=\u00a0\u00bbdefault\u00a0\u00bb][et_pb_image src=\u00a0\u00bbhttps:\/\/quentin-et-emilie.com\/wp-content\/uploads\/2023\/03\/01.jpg\u00a0\u00bb _builder_version=\u00a0\u00bb4.9.1&Prime; _module_preset=\u00a0\u00bbdefault\u00a0\u00bb][\/et_pb_image][\/et_pb_column][et_pb_column type=\u00a0\u00bb1_3&Prime; _builder_version=\u00a0\u00bb4.9.1&Prime; _module_preset=\u00a0\u00bbdefault\u00a0\u00bb][et_pb_image src=\u00a0\u00bbhttps:\/\/quentin-et-emilie.com\/wp-content\/uploads\/2023\/03\/04.jpg\u00a0\u00bb _builder_version=\u00a0\u00bb4.9.1&Prime; _module_preset=\u00a0\u00bbdefault\u00a0\u00bb][\/et_pb_image][\/et_pb_column][et_pb_column type=\u00a0\u00bb1_3&Prime; _builder_version=\u00a0\u00bb4.9.1&Prime; _module_preset=\u00a0\u00bbdefault\u00a0\u00bb][et_pb_image src=\u00a0\u00bbhttps:\/\/quentin-et-emilie.com\/wp-content\/uploads\/2023\/03\/03.jpg\u00a0\u00bb _builder_version=\u00a0\u00bb4.9.1&Prime; _module_preset=\u00a0\u00bbdefault\u00a0\u00bb][\/et_pb_image][\/et_pb_column][\/et_pb_row][\/et_pb_section]<\/p>\n","protected":false},"excerpt":{"rendered":"<p>[et_pb_section fb_built=\u00a0\u00bb1&Prime; _builder_version=\u00a0\u00bb4.9.1&Prime; _module_preset=\u00a0\u00bbdefault\u00a0\u00bb][et_pb_row column_structure=\u00a0\u00bb3_5,2_5&Prime; _builder_version=\u00a0\u00bb4.9.1&Prime; _module_preset=\u00a0\u00bbdefault\u00a0\u00bb background_enable_color=\u00a0\u00bboff\u00a0\u00bb custom_padding=\u00a0\u00bb0px|||||\u00a0\u00bb hover_enabled=\u00a0\u00bb0&Prime; sticky_enabled=\u00a0\u00bb0&Prime;][et_pb_column type=\u00a0\u00bb3_5&Prime; _builder_version=\u00a0\u00bb4.9.1&Prime; _module_preset=\u00a0\u00bbdefault\u00a0\u00bb background_color=\u00a0\u00bbrgba(211,179,166,0.26)\u00a0\u00bb custom_padding=\u00a0\u00bb21px||21px||true|false\u00a0\u00bb hover_enabled=\u00a0\u00bb0&Prime; sticky_enabled=\u00a0\u00bb0&Prime;][et_pb_text _builder_version=\u00a0\u00bb4.9.1&Prime; _module_preset=\u00a0\u00bbdefault\u00a0\u00bb text_font=\u00a0\u00bb|700||on|||||\u00a0\u00bb text_text_color=\u00a0\u00bb#000000&Prime; text_font_size=\u00a0\u00bb25px\u00a0\u00bb custom_margin=\u00a0\u00bb0px|||17px|false|false\u00a0\u00bb] WENDY &amp; GUILLAUME [\/et_pb_text][et_pb_text _builder_version=\u00a0\u00bb4.9.1&Prime; _module_preset=\u00a0\u00bbdefault\u00a0\u00bb text_text_color=\u00a0\u00bb#000000&Prime; text_font_size=\u00a0\u00bb20px\u00a0\u00bb custom_margin=\u00a0\u00bb-20px|||17px|false|false\u00a0\u00bb] La Chaufferie \u00e0 Lille [\/et_pb_text][et_pb_text _builder_version=\u00a0\u00bb4.9.1&Prime; _module_preset=\u00a0\u00bbdefault\u00a0\u00bb text_text_color=\u00a0\u00bb#000000&Prime; text_font_size=\u00a0\u00bb17px\u00a0\u00bb custom_margin=\u00a0\u00bb|17px||17px|false|true\u00a0\u00bb] Ce projet est n\u00e9 de la rencontre de Maxime D\u00e9carsin, photographe, avec [&hellip;]<\/p>\n","protected":false},"author":1,"featured_media":2460,"parent":0,"menu_order":0,"comment_status":"closed","ping_status":"closed","template":"","meta":{"_et_pb_use_builder":"on","_et_pb_old_content":"","_et_gb_content_width":"","_surecart_dashboard_logo_width":"180px","_surecart_dashboard_show_logo":true,"_surecart_dashboard_navigation_orders":true,"_surecart_dashboard_navigation_invoices":true,"_surecart_dashboard_navigation_subscriptions":true,"_surecart_dashboard_navigation_downloads":true,"_surecart_dashboard_navigation_billing":true,"_surecart_dashboard_navigation_account":true,"footnotes":""},"class_list":["post-6323","page","type-page","status-publish","has-post-thumbnail","hentry"],"_links":{"self":[{"href":"https:\/\/quentin-et-emilie.com\/en\/wp-json\/wp\/v2\/pages\/6323","targetHints":{"allow":["GET"]}}],"collection":[{"href":"https:\/\/quentin-et-emilie.com\/en\/wp-json\/wp\/v2\/pages"}],"about":[{"href":"https:\/\/quentin-et-emilie.com\/en\/wp-json\/wp\/v2\/types\/page"}],"author":[{"embeddable":true,"href":"https:\/\/quentin-et-emilie.com\/en\/wp-json\/wp\/v2\/users\/1"}],"replies":[{"embeddable":true,"href":"https:\/\/quentin-et-emilie.com\/en\/wp-json\/wp\/v2\/comments?post=6323"}],"version-history":[{"count":0,"href":"https:\/\/quentin-et-emilie.com\/en\/wp-json\/wp\/v2\/pages\/6323\/revisions"}],"wp:featuredmedia":[{"embeddable":true,"href":"https:\/\/quentin-et-emilie.com\/en\/wp-json\/wp\/v2\/media\/2460"}],"wp:attachment":[{"href":"https:\/\/quentin-et-emilie.com\/en\/wp-json\/wp\/v2\/media?parent=6323"}],"curies":[{"name":"wp","href":"https:\/\/api.w.org\/{rel}","templated":true}]}}