{"id":6073,"date":"2023-03-13T16:35:54","date_gmt":"2023-03-13T15:35:54","guid":{"rendered":"https:\/\/quentin-et-emilie.com\/?page_id=6073"},"modified":"2023-04-03T18:00:31","modified_gmt":"2023-04-03T16:00:31","slug":"maud-mathieu","status":"publish","type":"page","link":"https:\/\/quentin-et-emilie.com\/en\/maud-mathieu\/","title":{"rendered":"MAUD &#038; MATHIEU"},"content":{"rendered":"<p>[et_pb_section fb_built=\u00a0\u00bb1&Prime; _builder_version=\u00a0\u00bb4.9.1&Prime; _module_preset=\u00a0\u00bbdefault\u00a0\u00bb][et_pb_row column_structure=\u00a0\u00bb3_5,2_5&Prime; _builder_version=\u00a0\u00bb4.9.1&Prime; _module_preset=\u00a0\u00bbdefault\u00a0\u00bb background_enable_color=\u00a0\u00bboff\u00a0\u00bb custom_padding=\u00a0\u00bb0px|||||\u00a0\u00bb hover_enabled=\u00a0\u00bb0&Prime; sticky_enabled=\u00a0\u00bb0&Prime;][et_pb_column type=\u00a0\u00bb3_5&Prime; _builder_version=\u00a0\u00bb4.9.1&Prime; _module_preset=\u00a0\u00bbdefault\u00a0\u00bb background_color=\u00a0\u00bbrgba(211,179,166,0.26)\u00a0\u00bb hover_enabled=\u00a0\u00bb0&Prime; custom_padding=\u00a0\u00bb15px||15px||true|false\u00a0\u00bb sticky_enabled=\u00a0\u00bb0&Prime;][et_pb_text _builder_version=\u00a0\u00bb4.9.1&Prime; _module_preset=\u00a0\u00bbdefault\u00a0\u00bb text_font=\u00a0\u00bb|700||on|||||\u00a0\u00bb text_text_color=\u00a0\u00bb#000000&Prime; text_font_size=\u00a0\u00bb25px\u00a0\u00bb hover_enabled=\u00a0\u00bb0&Prime; sticky_enabled=\u00a0\u00bb0&Prime; custom_margin=\u00a0\u00bb|||17px|false|false\u00a0\u00bb]<\/p>\n<p>MAUD &amp; MATHIEU<\/p>\n<p>[\/et_pb_text][et_pb_text _builder_version=\u00a0\u00bb4.9.1&Prime; _module_preset=\u00a0\u00bbdefault\u00a0\u00bb text_text_color=\u00a0\u00bb#000000&Prime; text_font_size=\u00a0\u00bb20px\u00a0\u00bb custom_margin=\u00a0\u00bb-20px|||17px|false|false\u00a0\u00bb hover_enabled=\u00a0\u00bb0&Prime; sticky_enabled=\u00a0\u00bb0&Prime;]<\/p>\n<p><strong>La Gentilhommi\u00e8re<\/strong><\/p>\n<p>[\/et_pb_text][et_pb_text _builder_version=\u00a0\u00bb4.9.1&Prime; _module_preset=\u00a0\u00bbdefault\u00a0\u00bb text_text_color=\u00a0\u00bb#000000&Prime; text_font_size=\u00a0\u00bb17px\u00a0\u00bb custom_margin=\u00a0\u00bb|17px||17px|false|true\u00a0\u00bb hover_enabled=\u00a0\u00bb0&Prime; sticky_enabled=\u00a0\u00bb0&Prime;]<\/p>\n<p style=\"text-align: justify;\"><span>On vous pr\u00e9sente le mariage de Maud &amp; Mathieu ! <\/span><br \/><span>Un couple p\u00e9tillant, fun et attachant.<\/span><\/p>\n<p><span>C&rsquo;est dans leur Nord natal qu&rsquo;ils nous ont r\u00e9serv\u00e9 un accueil chaleureux et plus pr\u00e9cis\u00e9ment \u00e0 Solesmes o\u00f9 ils ont d\u00e9cid\u00e9 de se dire oui.<\/span><br \/><span>Pour c\u00e9l\u00e9brer leur union, ils ont d&rsquo;abord choisi une c\u00e9r\u00e9monie civil \u00e0 la mairie, suivi d&rsquo;une c\u00e9r\u00e9monie religieuse en l&rsquo;\u00e9glise de Solesmes.<\/span><\/p>\n<p><span>Enfin, c&rsquo;est \u00e0 La Gentilhommi\u00e8re d\u2019Artres qu&rsquo;ils ont re\u00e7u leurs familles et amis pour f\u00eater ce grand jour.<\/span><\/p>\n<p><span>Une soir\u00e9e riche en discours et en \u00e9motions.<\/span><\/p>\n<p><span>Merci \u00e0 eux pour cette belle journ\u00e9e !<\/span><\/p>\n<p style=\"text-align: justify;\"><span><\/span><\/p>\n<p style=\"text-align: justify;\"><strong>La Team :<\/strong><\/p>\n<p>Photographe : <a href=\"https:\/\/www.mathiasduquesnoy.com\/\" target=\"_blank\" rel=\"noopener\">Mathias Duquesnoy<\/a><br \/>MUAH : <a href=\"https:\/\/chrysoline-makeup.com\/\" target=\"_blank\" rel=\"noopener\">Chrysoline<\/a><br \/>Lieu &amp; Traiteur : <a href=\"https:\/\/www.hotel-lagentilhommiere.com\/fr\/\" target=\"_blank\" rel=\"noopener\">La Gentilhommi\u00e8re<\/a><br \/>DJ : <a href=\"http:\/\/www.martinprod.com\/\" target=\"_blank\" rel=\"noopener\">Martin prod<\/a><br \/>Robe : <a href=\"https:\/\/www.fortunee.fr\/\" target=\"_blank\" rel=\"noopener\">Fortun\u00e9e<\/a><br \/>Bijoux : <a href=\"https:\/\/www.lachambreblanche.fr\/\" target=\"_blank\" rel=\"noopener\">La Chambre Blanche<\/a><br \/>Alliances : <a href=\"https:\/\/www.gemmyo.com\/\" target=\"_blank\" rel=\"noopener\">Gemmyo<\/a><br \/>Costume : <a href=\"https:\/\/www.blandindelloye.com\/\" target=\"_blank\" rel=\"noopener\">Blandin &amp; Delloye<\/a><\/p>\n<p>[\/et_pb_text][\/et_pb_column][et_pb_column type=\u00a0\u00bb2_5&Prime; _builder_version=\u00a0\u00bb4.9.1&Prime; _module_preset=\u00a0\u00bbdefault\u00a0\u00bb][et_pb_image src=\u00a0\u00bbhttps:\/\/quentin-et-emilie.com\/wp-content\/uploads\/2023\/03\/Miniature-Reel.jpg\u00a0\u00bb disabled_on=\u00a0\u00bbon|on|off\u00a0\u00bb _builder_version=\u00a0\u00bb4.9.1&Prime; _module_preset=\u00a0\u00bbdefault\u00a0\u00bb custom_margin=\u00a0\u00bb||-27px|||\u00a0\u00bb][\/et_pb_image][\/et_pb_column][\/et_pb_row][et_pb_row _builder_version=\u00a0\u00bb4.9.1&Prime; _module_preset=\u00a0\u00bbdefault\u00a0\u00bb][et_pb_column type=\u00a0\u00bb4_4&Prime; _builder_version=\u00a0\u00bb4.9.1&Prime; _module_preset=\u00a0\u00bbdefault\u00a0\u00bb][et_pb_text _builder_version=\u00a0\u00bb4.9.1&Prime; _module_preset=\u00a0\u00bbdefault\u00a0\u00bb background_image=\u00a0\u00bbhttps:\/\/quentin-et-emilie.com\/wp-content\/uploads\/2022\/10\/Sans-titre_1.17.1.jpg\u00a0\u00bb background_image__hover=\u00a0\u00bbhttps:\/\/quentin-et-emilie.com\/wp-content\/uploads\/2022\/10\/Sans-titre_1.17.1.jpg\u00a0\u00bb background__hover_enabled=\u00a0\u00bbon|hover\u00a0\u00bb background_enable_color__hover=\u00a0\u00bboff\u00a0\u00bb use_background_color_gradient__hover=\u00a0\u00bbon\u00a0\u00bb background_color_gradient_start__hover=\u00a0\u00bbrgba(0,0,0,0.4)\u00a0\u00bb background_color_gradient_end__hover=\u00a0\u00bbrgba(0,0,0,0.36)\u00a0\u00bb background_enable_image__hover=\u00a0\u00bbon\u00a0\u00bb background_blend__hover=\u00a0\u00bbdarken\u00a0\u00bb]<a rel=\"noreferrer noopener\" href=\"https:\/\/vimeo.com\/757888761\" class=\"vp-a vp-vim-type vp-modal-click vp-modal-click_shortcode vp-has-img\" target=\"_blank\"><img decoding=\"async\" class=\"vp-img\" src=\"https:\/\/quentin-et-emilie.com\/wp-content\/uploads\/2022\/03\/Logo-Lecture-Video.png\"><\/a>[\/et_pb_text][\/et_pb_column][\/et_pb_row][et_pb_row column_structure=\u00a0\u00bb1_3,1_3,1_3&Prime; _builder_version=\u00a0\u00bb4.9.1&Prime; _module_preset=\u00a0\u00bbdefault\u00a0\u00bb][et_pb_column type=\u00a0\u00bb1_3&Prime; _builder_version=\u00a0\u00bb4.9.1&Prime; _module_preset=\u00a0\u00bbdefault\u00a0\u00bb][et_pb_image src=\u00a0\u00bbhttps:\/\/quentin-et-emilie.com\/wp-content\/uploads\/2023\/03\/Sans-titre_1.9.1.jpg\u00a0\u00bb _builder_version=\u00a0\u00bb4.9.1&Prime; _module_preset=\u00a0\u00bbdefault\u00a0\u00bb][\/et_pb_image][et_pb_image src=\u00a0\u00bbhttps:\/\/quentin-et-emilie.com\/wp-content\/uploads\/2023\/03\/Sans-titre_1.26.2.jpg\u00a0\u00bb _builder_version=\u00a0\u00bb4.9.1&Prime; _module_preset=\u00a0\u00bbdefault\u00a0\u00bb][\/et_pb_image][et_pb_image src=\u00a0\u00bbhttps:\/\/quentin-et-emilie.com\/wp-content\/uploads\/2023\/03\/Sans-titre_1.26.1.jpg\u00a0\u00bb _builder_version=\u00a0\u00bb4.9.1&Prime; _module_preset=\u00a0\u00bbdefault\u00a0\u00bb][\/et_pb_image][et_pb_image src=\u00a0\u00bbhttps:\/\/quentin-et-emilie.com\/wp-content\/uploads\/2023\/03\/Sans-titre_1.60.1.jpg\u00a0\u00bb _builder_version=\u00a0\u00bb4.9.1&Prime; _module_preset=\u00a0\u00bbdefault\u00a0\u00bb][\/et_pb_image][et_pb_image src=\u00a0\u00bbhttps:\/\/quentin-et-emilie.com\/wp-content\/uploads\/2023\/03\/Sans-titre_1.48.1.jpg\u00a0\u00bb _builder_version=\u00a0\u00bb4.9.1&Prime; _module_preset=\u00a0\u00bbdefault\u00a0\u00bb][\/et_pb_image][\/et_pb_column][et_pb_column type=\u00a0\u00bb1_3&Prime; _builder_version=\u00a0\u00bb4.9.1&Prime; _module_preset=\u00a0\u00bbdefault\u00a0\u00bb][et_pb_image src=\u00a0\u00bbhttps:\/\/quentin-et-emilie.com\/wp-content\/uploads\/2023\/03\/Sans-titre_1.10.1-2.jpg\u00a0\u00bb _builder_version=\u00a0\u00bb4.9.1&Prime; _module_preset=\u00a0\u00bbdefault\u00a0\u00bb][\/et_pb_image][et_pb_image src=\u00a0\u00bbhttps:\/\/quentin-et-emilie.com\/wp-content\/uploads\/2023\/03\/Sans-titre_1.16.1-2.jpg\u00a0\u00bb _builder_version=\u00a0\u00bb4.9.1&Prime; _module_preset=\u00a0\u00bbdefault\u00a0\u00bb][\/et_pb_image][et_pb_image src=\u00a0\u00bbhttps:\/\/quentin-et-emilie.com\/wp-content\/uploads\/2023\/03\/Sans-titre_1.21.1.jpg\u00a0\u00bb title_text=\u00a0\u00bbSans titre_1.21.1&Prime; _builder_version=\u00a0\u00bb4.9.1&Prime; _module_preset=\u00a0\u00bbdefault\u00a0\u00bb][\/et_pb_image][et_pb_image src=\u00a0\u00bbhttps:\/\/quentin-et-emilie.com\/wp-content\/uploads\/2023\/03\/Sans-titre_1.34.1-1.jpg\u00a0\u00bb title_text=\u00a0\u00bbSans titre_1.34.1&Prime; _builder_version=\u00a0\u00bb4.9.1&Prime; _module_preset=\u00a0\u00bbdefault\u00a0\u00bb][\/et_pb_image][et_pb_image src=\u00a0\u00bbhttps:\/\/quentin-et-emilie.com\/wp-content\/uploads\/2023\/03\/Sans-titre_1.30.1.jpg\u00a0\u00bb _builder_version=\u00a0\u00bb4.9.1&Prime; _module_preset=\u00a0\u00bbdefault\u00a0\u00bb][\/et_pb_image][\/et_pb_column][et_pb_column type=\u00a0\u00bb1_3&Prime; _builder_version=\u00a0\u00bb4.9.1&Prime; _module_preset=\u00a0\u00bbdefault\u00a0\u00bb][et_pb_image src=\u00a0\u00bbhttps:\/\/quentin-et-emilie.com\/wp-content\/uploads\/2023\/03\/Sans-titre_1.11.1.jpg\u00a0\u00bb _builder_version=\u00a0\u00bb4.9.1&Prime; _module_preset=\u00a0\u00bbdefault\u00a0\u00bb][\/et_pb_image][et_pb_image src=\u00a0\u00bbhttps:\/\/quentin-et-emilie.com\/wp-content\/uploads\/2023\/03\/Sans-titre_1.8.1.jpg\u00a0\u00bb title_text=\u00a0\u00bbSans titre_1.8.1&Prime; _builder_version=\u00a0\u00bb4.9.1&Prime; _module_preset=\u00a0\u00bbdefault\u00a0\u00bb][\/et_pb_image][et_pb_image src=\u00a0\u00bbhttps:\/\/quentin-et-emilie.com\/wp-content\/uploads\/2023\/03\/Sans-titre_2.6.1.jpg\u00a0\u00bb title_text=\u00a0\u00bbSans titre_2.6.1&Prime; _builder_version=\u00a0\u00bb4.9.1&Prime; _module_preset=\u00a0\u00bbdefault\u00a0\u00bb][\/et_pb_image][et_pb_image src=\u00a0\u00bbhttps:\/\/quentin-et-emilie.com\/wp-content\/uploads\/2023\/03\/Sans-titre_1.61.1-1.jpg\u00a0\u00bb _builder_version=\u00a0\u00bb4.9.1&Prime; _module_preset=\u00a0\u00bbdefault\u00a0\u00bb][\/et_pb_image][et_pb_image src=\u00a0\u00bbhttps:\/\/quentin-et-emilie.com\/wp-content\/uploads\/2023\/03\/Sans-titre_1.45.1.jpg\u00a0\u00bb _builder_version=\u00a0\u00bb4.9.1&Prime; _module_preset=\u00a0\u00bbdefault\u00a0\u00bb][\/et_pb_image][\/et_pb_column][\/et_pb_row][et_pb_row _builder_version=\u00a0\u00bb4.9.1&Prime; _module_preset=\u00a0\u00bbdefault\u00a0\u00bb background_color=\u00a0\u00bbrgba(211,179,166,0.2)\u00a0\u00bb][et_pb_column type=\u00a0\u00bb4_4&Prime; _builder_version=\u00a0\u00bb4.9.1&Prime; _module_preset=\u00a0\u00bbdefault\u00a0\u00bb][et_pb_text _builder_version=\u00a0\u00bb4.9.1&Prime; _module_preset=\u00a0\u00bbdefault\u00a0\u00bb text_font=\u00a0\u00bbBilbo||||||||\u00a0\u00bb text_text_color=\u00a0\u00bb#606060&Prime; text_font_size=\u00a0\u00bb26px\u00a0\u00bb custom_margin=\u00a0\u00bb|187px||187px|false|true\u00a0\u00bb custom_margin_tablet=\u00a0\u00bb|82px||82px|false|true\u00a0\u00bb custom_margin_phone=\u00a0\u00bb|10px||10px|false|true\u00a0\u00bb custom_margin_last_edited=\u00a0\u00bbon|desktop\u00a0\u00bb]<\/p>\n<p style=\"text-align: center;\"><strong>\u00ab\u00a0<\/strong> Nous avons choisi Quentin et \u00c9milie pour notre vid\u00e9o de mariage et nous ne regrettons absolument pas notre choix !<\/p>\n<p style=\"text-align: center;\">Le r\u00e9sultat est \u00e0 la hauteur de nos esp\u00e9rances : Quentin et \u00c9milie ont r\u00e9ussi \u00e0 capter toutes les \u00e9motions et la bonne humeur de notre grand jour, et ont r\u00e9alis\u00e9 une vid\u00e9o \u00e0 notre image. Des souvenirs pour la vie !<\/p>\n<p style=\"text-align: center;\">\nPar ailleurs, c\u2019\u00e9tait un plaisir de les avoir \u00e0 nos c\u00f4t\u00e9s : ils ont su \u00e0 la fois faire preuve de discr\u00e9tion mais aussi de sympathie tout au long de cette journ\u00e9e.<\/p>\n<p style=\"text-align: center;\">\nMille mercis \u00e0 tous les deux !\u00a0\u00a0<strong>\u00bb<\/strong><\/p>\n<p>[\/et_pb_text][\/et_pb_column][\/et_pb_row][\/et_pb_section]<\/p>\n","protected":false},"excerpt":{"rendered":"<p>[et_pb_section fb_built=\u00a0\u00bb1&Prime; _builder_version=\u00a0\u00bb4.9.1&Prime; _module_preset=\u00a0\u00bbdefault\u00a0\u00bb][et_pb_row column_structure=\u00a0\u00bb3_5,2_5&Prime; _builder_version=\u00a0\u00bb4.9.1&Prime; _module_preset=\u00a0\u00bbdefault\u00a0\u00bb background_enable_color=\u00a0\u00bboff\u00a0\u00bb custom_padding=\u00a0\u00bb0px|||||\u00a0\u00bb hover_enabled=\u00a0\u00bb0&Prime; sticky_enabled=\u00a0\u00bb0&Prime;][et_pb_column type=\u00a0\u00bb3_5&Prime; _builder_version=\u00a0\u00bb4.9.1&Prime; _module_preset=\u00a0\u00bbdefault\u00a0\u00bb background_color=\u00a0\u00bbrgba(211,179,166,0.26)\u00a0\u00bb hover_enabled=\u00a0\u00bb0&Prime; custom_padding=\u00a0\u00bb15px||15px||true|false\u00a0\u00bb sticky_enabled=\u00a0\u00bb0&Prime;][et_pb_text _builder_version=\u00a0\u00bb4.9.1&Prime; _module_preset=\u00a0\u00bbdefault\u00a0\u00bb text_font=\u00a0\u00bb|700||on|||||\u00a0\u00bb text_text_color=\u00a0\u00bb#000000&Prime; text_font_size=\u00a0\u00bb25px\u00a0\u00bb hover_enabled=\u00a0\u00bb0&Prime; sticky_enabled=\u00a0\u00bb0&Prime; custom_margin=\u00a0\u00bb|||17px|false|false\u00a0\u00bb] MAUD &amp; MATHIEU [\/et_pb_text][et_pb_text _builder_version=\u00a0\u00bb4.9.1&Prime; _module_preset=\u00a0\u00bbdefault\u00a0\u00bb text_text_color=\u00a0\u00bb#000000&Prime; text_font_size=\u00a0\u00bb20px\u00a0\u00bb custom_margin=\u00a0\u00bb-20px|||17px|false|false\u00a0\u00bb hover_enabled=\u00a0\u00bb0&Prime; sticky_enabled=\u00a0\u00bb0&Prime;] La Gentilhommi\u00e8re [\/et_pb_text][et_pb_text _builder_version=\u00a0\u00bb4.9.1&Prime; _module_preset=\u00a0\u00bbdefault\u00a0\u00bb text_text_color=\u00a0\u00bb#000000&Prime; text_font_size=\u00a0\u00bb17px\u00a0\u00bb custom_margin=\u00a0\u00bb|17px||17px|false|true\u00a0\u00bb hover_enabled=\u00a0\u00bb0&Prime; sticky_enabled=\u00a0\u00bb0&Prime;] On vous pr\u00e9sente le mariage de Maud &amp; [&hellip;]<\/p>\n","protected":false},"author":1,"featured_media":5881,"parent":0,"menu_order":0,"comment_status":"closed","ping_status":"closed","template":"","meta":{"_et_pb_use_builder":"on","_et_pb_old_content":"","_et_gb_content_width":"","_surecart_dashboard_logo_width":"180px","_surecart_dashboard_show_logo":true,"_surecart_dashboard_navigation_orders":true,"_surecart_dashboard_navigation_invoices":true,"_surecart_dashboard_navigation_subscriptions":true,"_surecart_dashboard_navigation_downloads":true,"_surecart_dashboard_navigation_billing":true,"_surecart_dashboard_navigation_account":true,"footnotes":""},"class_list":["post-6073","page","type-page","status-publish","has-post-thumbnail","hentry"],"_links":{"self":[{"href":"https:\/\/quentin-et-emilie.com\/en\/wp-json\/wp\/v2\/pages\/6073","targetHints":{"allow":["GET"]}}],"collection":[{"href":"https:\/\/quentin-et-emilie.com\/en\/wp-json\/wp\/v2\/pages"}],"about":[{"href":"https:\/\/quentin-et-emilie.com\/en\/wp-json\/wp\/v2\/types\/page"}],"author":[{"embeddable":true,"href":"https:\/\/quentin-et-emilie.com\/en\/wp-json\/wp\/v2\/users\/1"}],"replies":[{"embeddable":true,"href":"https:\/\/quentin-et-emilie.com\/en\/wp-json\/wp\/v2\/comments?post=6073"}],"version-history":[{"count":0,"href":"https:\/\/quentin-et-emilie.com\/en\/wp-json\/wp\/v2\/pages\/6073\/revisions"}],"wp:featuredmedia":[{"embeddable":true,"href":"https:\/\/quentin-et-emilie.com\/en\/wp-json\/wp\/v2\/media\/5881"}],"wp:attachment":[{"href":"https:\/\/quentin-et-emilie.com\/en\/wp-json\/wp\/v2\/media?parent=6073"}],"curies":[{"name":"wp","href":"https:\/\/api.w.org\/{rel}","templated":true}]}}