{"id":3781,"date":"2022-02-02T14:34:07","date_gmt":"2022-02-02T13:34:07","guid":{"rendered":"https:\/\/quentin-et-emilie.com\/?page_id=3781"},"modified":"2024-02-26T14:05:09","modified_gmt":"2024-02-26T13:05:09","slug":"videaste-de-mariage-la-grande-mare","status":"publish","type":"page","link":"https:\/\/quentin-et-emilie.com\/en\/videaste-de-mariage-la-grande-mare\/","title":{"rendered":"Vid\u00e9aste de Mariage La Grande Mare"},"content":{"rendered":"[et_pb_section fb_built=\u00a0\u00bb1&Prime; _builder_version=\u00a0\u00bb4.9.1&Prime; _module_preset=\u00a0\u00bbdefault\u00a0\u00bb background_image=\u00a0\u00bbhttps:\/\/quentin-et-emilie.com\/wp-content\/uploads\/2019\/05\/04.png\u00a0\u00bb custom_padding=\u00a0\u00bb100px||100px||true|false\u00a0\u00bb locked=\u00a0\u00bboff\u00a0\u00bb][et_pb_row _builder_version=\u00a0\u00bb4.9.1&Prime; _module_preset=\u00a0\u00bbdefault\u00a0\u00bb width=\u00a0\u00bb100%\u00a0\u00bb max_width=\u00a0\u00bb100%\u00a0\u00bb][et_pb_column type=\u00a0\u00bb4_4&Prime; _builder_version=\u00a0\u00bb4.9.1&Prime; _module_preset=\u00a0\u00bbdefault\u00a0\u00bb][et_pb_text _builder_version=\u00a0\u00bb4.9.1&Prime; _module_preset=\u00a0\u00bbdefault\u00a0\u00bb text_font=\u00a0\u00bb||||||||\u00a0\u00bb text_text_color=\u00a0\u00bb#FFFFFF\u00a0\u00bb header_text_color=\u00a0\u00bb#FFFFFF\u00a0\u00bb text_text_shadow_style=\u00a0\u00bbpreset1&Prime;]<h1 style=\"text-align: center;\">Vid\u00e9aste de Mariage <a href=\"http:\/\/lagrandemare.be\/\" target=\"_blank\" rel=\"noopener\"><strong>La Grande Mare<\/strong><\/a><\/h1>[\/et_pb_text][\/et_pb_column][\/et_pb_row][\/et_pb_section][et_pb_section fb_built=\u00a0\u00bb1&Prime; admin_label=\u00a0\u00bbsection\u00a0\u00bb _builder_version=\u00a0\u00bb3.22&Prime; locked=\u00a0\u00bboff\u00a0\u00bb][et_pb_row admin_label=\u00a0\u00bbrow\u00a0\u00bb _builder_version=\u00a0\u00bb3.25&Prime; background_size=\u00a0\u00bbinitial\u00a0\u00bb background_position=\u00a0\u00bbtop_left\u00a0\u00bb background_repeat=\u00a0\u00bbrepeat\u00a0\u00bb][et_pb_column type=\u00a0\u00bb4_4&Prime; _builder_version=\u00a0\u00bb3.25&Prime; custom_padding=\u00a0\u00bb|||\u00a0\u00bb custom_padding__hover=\u00a0\u00bb|||\u00a0\u00bb][et_pb_text admin_label=\u00a0\u00bbText\u00a0\u00bb _builder_version=\u00a0\u00bb4.9.1&Prime; background_size=\u00a0\u00bbinitial\u00a0\u00bb background_position=\u00a0\u00bbtop_left\u00a0\u00bb background_repeat=\u00a0\u00bbrepeat\u00a0\u00bb]<p style=\"text-align: center;\">Vous allez vous marier \u00e0\u00a0<a href=\"http:\/\/lagrandemare.be\/\" target=\"_blank\" rel=\"noopener\"><strong>La Grande Mare<\/strong><\/a>\u00a0dans les <strong>Hauts-de-France<\/strong> ?<\/p>\n<p style=\"text-align: center;\">Nous sommes Quentin &amp; Emilie, partenaires \u00e0 la vie et derri\u00e8re la cam\u00e9ra. Duo de <strong>vid\u00e9astes de Mariage.<\/strong><\/p>\n<p style=\"text-align: center;\">Immortaliser le plus beau jour de votre vie est notre m\u00e9tier. Nous nous appliquons donc toujours \u00e0 retranscrire le plus fid\u00e8lement possible l&rsquo;\u00e9motion du moment et votre authenticit\u00e9.<\/p>\n<p style=\"text-align: center;\"><span style=\"font-size: inherit;\">Nous n\u2019aimons pas la mise en sc\u00e8ne, nous pr\u00e9f\u00e9rons le naturel. Vous tout simplement.<\/span><\/p>\n<p style=\"text-align: center;\">Nous voyageons dans toute la <strong>France <\/strong>et au-del\u00e0 ! Et nous serons tr\u00e8s heureux d&rsquo;\u00eatre \u00e0 vos c\u00f4t\u00e9s pour votre <strong>mariage \u00e0\u00a0<a href=\"http:\/\/lagrandemare.be\/\" target=\"_blank\" rel=\"noopener\">La Grande Mare<\/a><\/strong>.<\/p>\n<p style=\"text-align: center;\">Nous vous suivrons en toute discr\u00e9tion durant cette journ\u00e9e dans ce lieu magnifique, pour vous laisser vivre et profiter pleinement. Cela apportera le plus de naturel \u00e0 notre image et votre <strong>film de mariage.<\/strong><\/p>\n<p style=\"text-align: center;\">Au travers de notre histoire, nous avons rencontr\u00e9 beaucoup de gens d&rsquo;univers diff\u00e9rents. Nous avons compris que chaque moment pass\u00e9 est unique, \u00e9ph\u00e9m\u00e8re et important.<\/p>\n<p style=\"text-align: center;\">Votre <strong>mariage \u00e0 <a href=\"http:\/\/lagrandemare.be\/\" target=\"_blank\" rel=\"noopener\">La Grande Mare<\/a><\/strong>\u00a0\u00e9galement.<\/p>\n<p style=\"text-align: center;\">C&rsquo;est un instant de votre vie qui m\u00e9rite d&rsquo;\u00eatre captur\u00e9 avec perfection et sinc\u00e9rit\u00e9.<\/p>\n<p style=\"text-align: center;\">Donc si vous souhaitez nous raconter votre histoire et nous rencontrer, contactez nous ! Nous vous r\u00e9pondrons le plus rapidement possible.<\/p>\n<p style=\"text-align: center;\">Nous vous invitons \u00e0 d\u00e9couvrir nos <strong><a href=\"https:\/\/quentin-et-emilie.com\/films\/\">films<\/a><\/strong> et nos <a href=\"https:\/\/quentin-et-emilie.com\/#Nos-Prestations\">prestations<\/a>.<\/p>\n<p style=\"text-align: center;\">A tr\u00e8s bient\u00f4t !<\/p>\n<p style=\"text-align: center;\">Quentin &amp; Emilie.<\/p>\n<hr \/>\n<p style=\"text-align: center;\">Duo <strong>Vid\u00e9aste de mariage <a href=\"http:\/\/lagrandemare.be\/\" target=\"_blank\" rel=\"noopener\">La Grande Mare<\/a>\u00a0en France<\/strong><\/p>\n<hr \/>\n<p style=\"text-align: center;\"><\/p>\n<p style=\"text-align: center;\"><\/p>\n<p style=\"text-align: center;\">\n\t\t\t<style>\n\t\t\t\t\n\t\t\t\tdiv.gridContainer-2 .videosListFront .brick .name .parent {\n\t\t\t\t\tbackground-color: rgba(0, 0, 0, 0) !important;\n\t\t\t\t}\n\t\t\t\tdiv.gridContainer-2 .videosListFront .brick .name .parent p {\n\t\t\t\t\tcolor: rgb(255, 255, 255) !important;\n\t\t\t\t}\n\t\t\t\tdiv.gridContainer-2 .videosListFront .brick .name:hover .parent p {\n\t\t\t\t\tcolor: rgb(128, 128, 128) !important;\n\t\t\t\t}\n\t\t\t\tdiv.gridContainer-2 .videosListFront .brick .name:hover .parent {\n\t\t\t\t\tbackground-color: rgba(127, 127, 127, 0) !important;\n\t\t\t\t}\n\t\t\t\t\n\t\t\t<\/style>\n\t\t<div class=\"gridContainer-2\" style=\"display:none;\" data-videowidthblock=\"700\" data-videospacingy=\"40\" data-videospacingx=\"40\" data-animationdelay=\"0\"><div class=\"videosListFront noTags load-on-scroll-to\" data-id=\"2\"><div class=\"brick vimeo animated selected item-1038736243 \" data-id=\"1038736243\">\n\t\t\t\t  <img class=\"thumb\" data-src=\"https:\/\/i.vimeocdn.com\/video\/1960984210-3d336db95fcb5cbfcce476d81da9633adadd4158dc5603823bf62efd687018c5-d_640\">\n\t\t\t\t  <div class=\"over\"><\/div>\n\t\t\t\t  <table class=\"name\"><tr><td><table class=\"parent \"><tr><td><p>McKenzie & Eric - Mariage \u00e0 Reims et dans les vignes de Champagne<\/p><\/td><\/tr><\/table><\/td><\/tr><\/table>\n\t\t\t  <\/div><div class=\"brick vimeo animated selected item-900213575 \" data-id=\"900213575\">\n\t\t\t\t  <img class=\"thumb\" data-src=\"https:\/\/i.vimeocdn.com\/video\/1778307243-a81f27a4263dd5ff43425c569508402540d3c6044c3b4275a97fe031b01e0ae3-d_640\">\n\t\t\t\t  <div class=\"over\"><\/div>\n\t\t\t\t  <table class=\"name\"><tr><td><table class=\"parent \"><tr><td><p>Ma\u00eblia & Quentin - Mariage au Domaine des Evis<\/p><\/td><\/tr><\/table><\/td><\/tr><\/table>\n\t\t\t  <\/div><div class=\"brick vimeo animated selected item-762626968 \" data-id=\"762626968\">\n\t\t\t\t  <img class=\"thumb\" data-src=\"https:\/\/i.vimeocdn.com\/video\/1531502701-fa4d5ce088827b7a1ea831705435faf56e14dcc5aeab415c0287e36c212a13a3-d_640\">\n\t\t\t\t  <div class=\"over\"><\/div>\n\t\t\t\t  <table class=\"name\"><tr><td><table class=\"parent \"><tr><td><p>Marie & Thomas - Mariage \u00e0 Saint-Paul-de-Vence & au Ch\u00e2teau de Taulane<\/p><\/td><\/tr><\/table><\/td><\/tr><\/table>\n\t\t\t  <\/div><div class=\"brick vimeo animated selected item-1043112409 \" data-id=\"1043112409\">\n\t\t\t\t  <img class=\"thumb\" data-src=\"https:\/\/i.vimeocdn.com\/video\/1966244324-2ab2e454c1a480f62a64785a2ba8868ae2c69191db3d1464430905d0dc928da5-d_640\">\n\t\t\t\t  <div class=\"over\"><\/div>\n\t\t\t\t  <table class=\"name\"><tr><td><table class=\"parent \"><tr><td><p>Perrine & Guillaume - Mariage au Ch\u00e2teau Canadel et Sanary-sur-Mer<\/p><\/td><\/tr><\/table><\/td><\/tr><\/table>\n\t\t\t  <\/div><div class=\"brick vimeo animated selected item-906089845 \" data-id=\"906089845\">\n\t\t\t\t  <img class=\"thumb\" data-src=\"https:\/\/i.vimeocdn.com\/video\/1787691478-c1c32e61afecf9074679f30f33c9cbb1347a07049709285a83cc9a183ac0c503-d_640\">\n\t\t\t\t  <div class=\"over\"><\/div>\n\t\t\t\t  <table class=\"name\"><tr><td><table class=\"parent \"><tr><td><p>Pauline & Pierre - Mariage \u00e0 Saint-Tropez<\/p><\/td><\/tr><\/table><\/td><\/tr><\/table>\n\t\t\t  <\/div><div class=\"brick vimeo animated selected item-926833157 \" data-id=\"926833157\">\n\t\t\t\t  <img class=\"thumb\" data-src=\"https:\/\/i.vimeocdn.com\/video\/1821348246-b8f2cf02bc38d26a79218481960a84c8325a4561f086692c0e53bda091c7159d-d_640\">\n\t\t\t\t  <div class=\"over\"><\/div>\n\t\t\t\t  <table class=\"name\"><tr><td><table class=\"parent \"><tr><td><p>Adeline & J\u00e9r\u00f4me - Mariage au Domaine de Rennepont en Champagne<\/p><\/td><\/tr><\/table><\/td><\/tr><\/table>\n\t\t\t  <\/div>\t<\/div><\/div><\/p>\n<p style=\"text-align: center;\"><\/p>\n<p style=\"text-align: center;\"><\/p>\n<hr class=\"wp-block-separator\" \/>\n<p style=\"text-align: center;\"><\/p>\n<p style=\"text-align: center;\"><\/p>\n<p class=\"has-medium-font-size\" style=\"text-align: center;\"><strong><br \/>Contactez nous !<\/strong><\/p>\n<p style=\"text-align: center;\"><\/p>\n<p style=\"text-align: center;\"><\/p>\n<p class=\"has-text-align-center\" style=\"text-align: center;\">Vous souhaitez plus d&rsquo;informations sur nos prestations ? Racontez nous votre histoire ! D\u00eetes nous tout, ne soyez pas timide ! Donnez le maximum de d\u00e9tails, notre r\u00e9ponse sera que plus pr\u00e9cise !<\/p>\n<p style=\"text-align: center;\"><\/p>\n<p style=\"text-align: center;\"><\/p>\n<p class=\"has-text-align-center\" style=\"text-align: center;\"><a href=\"tel:+33674921877\">+33674921877<\/a><\/p>\n<p style=\"text-align: center;\"><\/p>\n<p style=\"text-align: center;\"><\/p>\n<p class=\"has-text-align-center\" style=\"text-align: center;\"><a href=\"mailto:quentinetemilie.films@gmail.com\">quentinetemilie.films@gmail.com<\/a><\/p>\n<p><\/p>[\/et_pb_text][et_pb_button button_url=\u00a0\u00bbhttps:\/\/quentin-et-emilie.com\/#Nos-Prestations\u00a0\u00bb button_text=\u00a0\u00bbNos tarifs et prestations\u00a0\u00bb button_alignment=\u00a0\u00bbcenter\u00a0\u00bb _builder_version=\u00a0\u00bb4.9.1&Prime; _module_preset=\u00a0\u00bbdefault\u00a0\u00bb custom_button=\u00a0\u00bbon\u00a0\u00bb button_text_size=\u00a0\u00bb15px\u00a0\u00bb button_text_color=\u00a0\u00bb#000000&Prime; button_border_width=\u00a0\u00bb1px\u00a0\u00bb button_border_radius=\u00a0\u00bb100px\u00a0\u00bb button_icon=\u00a0\u00bb%%40%%\u00a0\u00bb][\/et_pb_button][et_pb_image src=\u00a0\u00bbhttps:\/\/quentin-et-emilie.com\/wp-content\/uploads\/2019\/05\/03.png\u00a0\u00bb alt=\u00a0\u00bbVid\u00e9aste de Mariage La Grande Mare\u00a0\u00bb _builder_version=\u00a0\u00bb4.9.1&Prime; _module_preset=\u00a0\u00bbdefault\u00a0\u00bb width=\u00a0\u00bb69%\u00a0\u00bb module_alignment=\u00a0\u00bbcenter\u00a0\u00bb][\/et_pb_image][et_pb_text _builder_version=\u00a0\u00bb4.9.1&Prime; _module_preset=\u00a0\u00bbdefault\u00a0\u00bb]<p style=\"text-align: center;\"><strong>Vid\u00e9aste Mariage &#8211; Vid\u00e9o de mariage &#8211; Film de mariage &#8211; Duo<\/strong><\/p>[\/et_pb_text][\/et_pb_column][\/et_pb_row][\/et_pb_section]","protected":false},"excerpt":{"rendered":"<p>[et_pb_section fb_built=\u00a0\u00bb1&Prime; _builder_version=\u00a0\u00bb4.9.1&Prime; _module_preset=\u00a0\u00bbdefault\u00a0\u00bb background_image=\u00a0\u00bbhttps:\/\/quentin-et-emilie.com\/wp-content\/uploads\/2019\/05\/04.png\u00a0\u00bb custom_padding=\u00a0\u00bb100px||100px||true|false\u00a0\u00bb locked=\u00a0\u00bboff\u00a0\u00bb][et_pb_row _builder_version=\u00a0\u00bb4.9.1&Prime; _module_preset=\u00a0\u00bbdefault\u00a0\u00bb width=\u00a0\u00bb100%\u00a0\u00bb max_width=\u00a0\u00bb100%\u00a0\u00bb][et_pb_column type=\u00a0\u00bb4_4&Prime; _builder_version=\u00a0\u00bb4.9.1&Prime; _module_preset=\u00a0\u00bbdefault\u00a0\u00bb][et_pb_text _builder_version=\u00a0\u00bb4.9.1&Prime; _module_preset=\u00a0\u00bbdefault\u00a0\u00bb text_font=\u00a0\u00bb||||||||\u00a0\u00bb text_text_color=\u00a0\u00bb#FFFFFF\u00a0\u00bb header_text_color=\u00a0\u00bb#FFFFFF\u00a0\u00bb text_text_shadow_style=\u00a0\u00bbpreset1&Prime;] Vid\u00e9aste de Mariage La Grande Mare [\/et_pb_text][\/et_pb_column][\/et_pb_row][\/et_pb_section][et_pb_section fb_built=\u00a0\u00bb1&Prime; admin_label=\u00a0\u00bbsection\u00a0\u00bb _builder_version=\u00a0\u00bb3.22&Prime; locked=\u00a0\u00bboff\u00a0\u00bb][et_pb_row admin_label=\u00a0\u00bbrow\u00a0\u00bb _builder_version=\u00a0\u00bb3.25&Prime; background_size=\u00a0\u00bbinitial\u00a0\u00bb background_position=\u00a0\u00bbtop_left\u00a0\u00bb background_repeat=\u00a0\u00bbrepeat\u00a0\u00bb][et_pb_column type=\u00a0\u00bb4_4&Prime; _builder_version=\u00a0\u00bb3.25&Prime; custom_padding=\u00a0\u00bb|||\u00a0\u00bb custom_padding__hover=\u00a0\u00bb|||\u00a0\u00bb][et_pb_text admin_label=\u00a0\u00bbText\u00a0\u00bb _builder_version=\u00a0\u00bb4.9.1&Prime; background_size=\u00a0\u00bbinitial\u00a0\u00bb background_position=\u00a0\u00bbtop_left\u00a0\u00bb background_repeat=\u00a0\u00bbrepeat\u00a0\u00bb] Vous allez vous marier \u00e0\u00a0La Grande Mare\u00a0dans les Hauts-de-France ? [&hellip;]<\/p>\n","protected":false},"author":1,"featured_media":3782,"parent":0,"menu_order":0,"comment_status":"closed","ping_status":"closed","template":"","meta":{"_et_pb_use_builder":"on","_et_pb_old_content":"<p>\u00a0<\/p>\n<hr \/>\n<h1 style=\"text-align: center; padding-left: 60px;\">Vid\u00e9aste de Mariage <a href=\"http:\/\/lagrandemare.be\/\">La Grande Mare<\/a><\/h1>\n<hr \/><hr \/>\n<p style=\"text-align: center;\">Vous allez vous marier \u00e0\u00a0<a href=\"http:\/\/lagrandemare.be\/\"><strong>La Grande Mare<\/strong><\/a>\u00a0dans les <strong>Hauts-de-France<\/strong> ?<\/p>\n<p>Nous sommes Quentin &amp; Emilie, partenaires \u00e0 la vie et derri\u00e8re la cam\u00e9ra. Duo de <strong>vid\u00e9astes de Mariage.<\/strong><\/p>\n<p style=\"text-align: center;\">Immortaliser le plus beau jour de votre vie est notre m\u00e9tier. Nous nous appliquons donc toujours \u00e0 retranscrire le plus fid\u00e8lement possible l'\u00e9motion du moment et votre authenticit\u00e9.<\/p>\n<p style=\"text-align: center;\"><span style=\"font-size: inherit;\">Nous n\u2019aimons pas la mise en sc\u00e8ne, nous pr\u00e9f\u00e9rons le naturel. Vous tout simplement.<\/span><\/p>\n<p style=\"text-align: center;\">Nous voyageons dans toute la <strong>France <\/strong>et au-del\u00e0 ! Et nous serons tr\u00e8s heureux d'\u00eatre \u00e0 vos c\u00f4t\u00e9s pour votre <strong>mariage \u00e0\u00a0<a href=\"http:\/\/lagrandemare.be\/\">La Grande Mare<\/a><\/strong>.<\/p>\n<p style=\"text-align: center;\">Nous vous suivrons en toute discr\u00e9tion durant cette journ\u00e9e dans ce lieu magnifique, pour vous laisser vivre et profiter pleinement. Cela apportera le plus de naturel \u00e0 notre image et votre <strong>film de mariage.<\/strong>\u00a0<\/p>\n<p style=\"text-align: center;\">Au travers de notre histoire, nous avons rencontr\u00e9 beaucoup de gens d'univers diff\u00e9rents. Nous avons compris que chaque moment pass\u00e9 est unique, \u00e9ph\u00e9m\u00e8re et important.<\/p>\n<p style=\"text-align: center;\">Votre <strong>mariage \u00e0 <a href=\"http:\/\/lagrandemare.be\/\">La Grande Mare<\/a><\/strong>\u00a0\u00e9galement.<\/p>\n<p style=\"text-align: center;\">C'est un instant de votre vie qui m\u00e9rite d'\u00eatre captur\u00e9 avec perfection et sinc\u00e9rit\u00e9.<\/p>\n<p style=\"text-align: center;\">Donc si vous souhaitez nous raconter votre histoire et nous rencontrer, contactez nous ! Nous vous r\u00e9pondrons le plus rapidement possible.<\/p>\n<p style=\"text-align: center;\">Nous vous invitons \u00e0 d\u00e9couvrir nos <strong><a href=\"https:\/\/quentin-et-emilie.com\/videos\/\">films<\/a><\/strong> et nos <a href=\"https:\/\/quentin-et-emilie.com\/nos-prestations\/\">prestations<\/a>.<\/p>\n<p style=\"text-align: center;\">A tr\u00e8s bient\u00f4t !<\/p>\n<p style=\"text-align: center;\">Quentin &amp; Emilie.<\/p>\n<hr \/>\n<p style=\"text-align: center;\">Duo <strong>Vid\u00e9aste de mariage <a href=\"http:\/\/lagrandemare.be\/\">La Grande Mare<\/a>\u00a0en France<\/strong><\/p>\n<hr \/>\n\n<!-- wp:embed {\"url\":\"https:\/\/vimeo.com\/650881203\",\"type\":\"video\",\"providerNameSlug\":\"vimeo\",\"responsive\":true,\"className\":\"wp-embed-aspect-16-9 wp-has-aspect-ratio\"} -->\n<figure class=\"wp-block-embed is-type-video is-provider-vimeo wp-block-embed-vimeo wp-embed-aspect-16-9 wp-has-aspect-ratio\"><div class=\"wp-block-embed__wrapper\">\nhttps:\/\/vimeo.com\/650881203\n<\/div><\/figure>\n<!-- \/wp:embed -->\n\n<!-- wp:paragraph -->\n<p>\n\n[wp_video_gallery_grid id=2]\n\n<\/p>\n<!-- \/wp:paragraph -->\n\n<!-- wp:separator -->\n<hr class=\"wp-block-separator\"\/>\n<!-- \/wp:separator -->\n\n<!-- wp:paragraph {\"fontSize\":\"medium\"} -->\n<p class=\"has-medium-font-size\"><strong><br>Contactez nous !<\/strong><\/p>\n<!-- \/wp:paragraph -->\n\n<!-- wp:paragraph {\"align\":\"center\"} -->\n<p class=\"has-text-align-center\">Vous souhaitez plus d'informations sur nos prestations ? Racontez nous votre histoire ! D\u00eetes nous tout, ne soyez pas timide ! Donnez le maximum de d\u00e9tails, notre r\u00e9ponse sera que plus pr\u00e9cise !<\/p>\n<!-- \/wp:paragraph -->\n\n<!-- wp:paragraph {\"align\":\"center\"} -->\n<p class=\"has-text-align-center\"><a href=\"tel:+33674921877\">+33674921877<\/a><\/p>\n<!-- \/wp:paragraph -->\n\n<!-- wp:paragraph {\"align\":\"center\"} -->\n<p class=\"has-text-align-center\"><a href=\"mailto:quentinetemilie.films@gmail.com\">quentinetemilie.films@gmail.com<\/a><\/p>\n<!-- \/wp:paragraph -->\n\n<!-- wp:paragraph -->\n<p><br><\/p>\n<!-- \/wp:paragraph -->\n\n<!-- wp:paragraph {\"align\":\"center\",\"style\":{\"typography\":{\"fontSize\":12}}} -->\n<p class=\"has-text-align-center\" style=\"font-size:12px\"><strong>Vid\u00e9aste Mariage - Vid\u00e9o de mariage - Film de mariage - Duo<\/strong><\/p>\n<!-- \/wp:paragraph -->","_et_gb_content_width":"","_surecart_dashboard_logo_width":"180px","_surecart_dashboard_show_logo":true,"_surecart_dashboard_navigation_orders":true,"_surecart_dashboard_navigation_invoices":true,"_surecart_dashboard_navigation_subscriptions":true,"_surecart_dashboard_navigation_downloads":true,"_surecart_dashboard_navigation_billing":true,"_surecart_dashboard_navigation_account":true,"footnotes":""},"class_list":["post-3781","page","type-page","status-publish","has-post-thumbnail","hentry"],"_links":{"self":[{"href":"https:\/\/quentin-et-emilie.com\/en\/wp-json\/wp\/v2\/pages\/3781","targetHints":{"allow":["GET"]}}],"collection":[{"href":"https:\/\/quentin-et-emilie.com\/en\/wp-json\/wp\/v2\/pages"}],"about":[{"href":"https:\/\/quentin-et-emilie.com\/en\/wp-json\/wp\/v2\/types\/page"}],"author":[{"embeddable":true,"href":"https:\/\/quentin-et-emilie.com\/en\/wp-json\/wp\/v2\/users\/1"}],"replies":[{"embeddable":true,"href":"https:\/\/quentin-et-emilie.com\/en\/wp-json\/wp\/v2\/comments?post=3781"}],"version-history":[{"count":0,"href":"https:\/\/quentin-et-emilie.com\/en\/wp-json\/wp\/v2\/pages\/3781\/revisions"}],"wp:featuredmedia":[{"embeddable":true,"href":"https:\/\/quentin-et-emilie.com\/en\/wp-json\/wp\/v2\/media\/3782"}],"wp:attachment":[{"href":"https:\/\/quentin-et-emilie.com\/en\/wp-json\/wp\/v2\/media?parent=3781"}],"curies":[{"name":"wp","href":"https:\/\/api.w.org\/{rel}","templated":true}]}}